{"id":499,"date":"2024-10-18T21:46:03","date_gmt":"2024-10-18T21:46:03","guid":{"rendered":"https:\/\/calauniexport.com\/about\/"},"modified":"2025-08-01T11:19:32","modified_gmt":"2025-08-01T11:19:32","slug":"acerca-de-culauniexport","status":"publish","type":"page","link":"https:\/\/calauniexport.com\/es\/acerca-de-culauniexport\/","title":{"rendered":"Acerca de"},"content":{"rendered":"<div class=\"wp-block-uagb-container uagb-block-37fe9e23 alignfull uagb-is-root-container\"><div class=\"uagb-container-inner-blocks-wrap\">\n<div class=\"wp-block-uagb-advanced-heading uagb-block-d36b578f\"><h1 class=\"uagb-heading-text\">Sobre nosotros<\/h1><\/div>\n<\/div><\/div>\n\n\n\n<div class=\"wp-block-uagb-container uagb-block-e4be775b alignfull uagb-is-root-container\"><div class=\"uagb-container-inner-blocks-wrap\">\n<div class=\"wp-block-uagb-info-box uagb-block-1160787b uagb-infobox__content-wrap  uagb-infobox-icon-above-title uagb-infobox-image-valign-top\"><div class=\"uagb-ifb-content\"><div class=\"uagb-ifb-title-wrap\"><h3 class=\"uagb-ifb-title-prefix\">Sobre nosotros<\/h3><h2 class=\"uagb-ifb-title\"><strong>Certificado y autorizado para su seguridad<\/strong><\/h2><\/div><p class=\"uagb-ifb-desc\"><br>En CALAUNIEXPORT, estamos orgullosos de ser un proveedor totalmente autorizado y certificado de <strong><a href=\"https:\/\/calauniexport.com\/es\/\">Caluanie Muelear Oxidar<\/a><\/strong> y otros productos qu\u00edmicos industriales. Nuestro compromiso con el cumplimiento, la seguridad y el profesionalismo garantiza que todos los productos que ofrecemos cumplan con los m\u00e1s altos est\u00e1ndares internacionales.<br>Entendemos la importancia de la confianza al comprar productos qu\u00edmicos, especialmente para uso industrial. Por eso contamos con todos los recursos necesarios <strong>certificaciones y licencias<\/strong> Se requiere vender, almacenar y transportar materiales peligrosos. Nuestro cumplimiento de las estrictas normas demuestra nuestra dedicaci\u00f3n a proporcionar productos seguros y confiables.<br><br><strong>Nuestras certificaciones incluyen:<\/strong><br><br><strong>Licencias de manipulaci\u00f3n de productos qu\u00edmicos<\/strong>:Certificado para manipular, almacenar y enviar materiales peligrosos de forma segura, de acuerdo con las regulaciones locales e internacionales.<br><strong>Hoja de datos de seguridad del material (MSDS)<\/strong>:Brindamos informaci\u00f3n detallada sobre seguridad y manipulaci\u00f3n de todos los productos, garantizando que usted tenga todo el conocimiento para utilizarlos de forma segura.<br><strong>Certificaci\u00f3n REACH<\/strong> (para clientes europeos): Nuestros productos cumplen totalmente con las regulaciones qu\u00edmicas de la UE, lo que garantiza su seguridad para su uso y distribuci\u00f3n en toda Europa.<br><strong>Certificaci\u00f3n ISO<\/strong>:Mantenemos <strong>ISO 9001<\/strong> para la gesti\u00f3n de la calidad y <strong>ISO 14001<\/strong> para pr\u00e1cticas ambientales, asegurando los m\u00e1s altos est\u00e1ndares en cada paso de nuestro proceso.<br><strong>Registro de materiales peligrosos<\/strong>:Estamos registrados ante agencias reguladoras para garantizar el transporte seguro y legal de mercanc\u00edas peligrosas.<br><strong>Permisos de Exportaci\u00f3n\/Importaci\u00f3n<\/strong>:Nuestros productos est\u00e1n legalmente despachados para el comercio internacional, garantizando procesos aduaneros fluidos y una entrega segura.<br><br><strong>Entrega garantizada y confiabilidad<\/strong><br><br>Con estas certificaciones, garantizamos que su pedido ser\u00e1 procesado con la m\u00e1xima profesionalidad y entregado de forma segura. Ya sea que est\u00e9 comprando <strong>Caluanie Muelear Oxidar<\/strong> Para trituraci\u00f3n de metales, uso qu\u00edmico industrial o cualquier otra aplicaci\u00f3n, puede confiar en nosotros para brindarle una experiencia perfecta desde el pedido hasta la entrega.<br><br><strong>\u00bfPor qu\u00e9 elegirnos?<\/strong><br><br>Nuestras certificaciones y licencias no solo demuestran nuestra legitimidad, sino que tambi\u00e9n reflejan nuestro compromiso inquebrantable con la seguridad y la satisfacci\u00f3n del cliente. Con CALAUNIEXPORT, puede estar seguro de que est\u00e1 trabajando con un proveedor confiable y certificado que cumple con todos los requisitos legales para vender y exportar productos qu\u00edmicos en todo el mundo.<br><strong>Socio de confianza<\/strong><br>Cuando nos eliges, est\u00e1s eligiendo un <strong>Socio de confianza<\/strong> Con una trayectoria comprobada. Nuestros procesos y licencias certificados garantizan el cumplimiento de los m\u00e1s altos est\u00e1ndares de seguridad y medio ambiente, lo que le brinda tranquilidad al comprar nuestros productos.<br>Si\u00e9ntete libre de <strong><a href=\"https:\/\/calauniexport.com\/es\/contacto\/\">Cont\u00e1ctenos<\/a><\/strong> Para obtener m\u00e1s informaci\u00f3n o realizar su pedido hoy mismo, estamos aqu\u00ed para brindarle soluciones confiables, certificadas y que cumplen con las leyes para todas sus necesidades qu\u00edmicas industriales.<br><div class=\"cr-trustbadgef\"><div class=\"cr-badge badge_size_small cr-trustbadge-border\" style=\"background-color:#ffffff;\">\n\n\t<div class=\"badge__store\">CULAUNIEXPORT - Su proveedor de confianza de Caluanie Muelear Oxidize<\/div>\n\n\t<div class=\"badge__nowrap\">\n\t\t<div class=\"badge__stars\">\n\t\t\t\t\t\t\t<div class=\"badge__star\">\n\t\t\t\t\t<div class=\"badge__star-icon badge__star-icon_type_empty\"><\/div>\n\t\t\t\t\t<div class=\"badge__star-icon badge__star-icon_type_fill\" style=\"width: 100%\"><\/div>\n\t\t\t\t<\/div>\n\t\t\t\t\t\t\t<div class=\"badge__star\">\n\t\t\t\t\t<div class=\"badge__star-icon badge__star-icon_type_empty\"><\/div>\n\t\t\t\t\t<div class=\"badge__star-icon badge__star-icon_type_fill\" style=\"width: 100%\"><\/div>\n\t\t\t\t<\/div>\n\t\t\t\t\t\t\t<div class=\"badge__star\">\n\t\t\t\t\t<div class=\"badge__star-icon badge__star-icon_type_empty\"><\/div>\n\t\t\t\t\t<div class=\"badge__star-icon badge__star-icon_type_fill\" style=\"width: 100%\"><\/div>\n\t\t\t\t<\/div>\n\t\t\t\t\t\t\t<div class=\"badge__star\">\n\t\t\t\t\t<div class=\"badge__star-icon badge__star-icon_type_empty\"><\/div>\n\t\t\t\t\t<div class=\"badge__star-icon badge__star-icon_type_fill\" style=\"width: 100%\"><\/div>\n\t\t\t\t<\/div>\n\t\t\t\t\t\t\t<div class=\"badge__star\">\n\t\t\t\t\t<div class=\"badge__star-icon badge__star-icon_type_empty\"><\/div>\n\t\t\t\t\t<div class=\"badge__star-icon badge__star-icon_type_fill\" style=\"width: 70%\"><\/div>\n\t\t\t\t<\/div>\n\t\t\t\t\t<\/div>\n\n\t\t<div class=\"badge__verified verified\">\n\t\t\t<div class=\"verified__logo\"><\/div>\n\t\t\t<div class=\"verified__text\">Lo que dicen nuestros clientes<\/div>\n\t\t<\/div>\n\t<\/div>\n\n\t<div class=\"badge__rating rating\">\n\t\t\t\t\t<span class=\"rating__store\">4.70 valoraci\u00f3n<\/span> <span class=\"rating__reviews\">(478 rese\u00f1as)<\/span>\n\t\t\t<\/div>\n\n\t\t\t<a href=\"https:\/\/calauniexport.com\/es\/resenas\/\" rel=\"nofollow noopener noreferrer\" target=\"_blank\" aria-label=\"CULAUNIEXPORT - Su proveedor de confianza de Caluanie Muelear Oxidize\">\n\t\t\t<span class=\"badge__link\"><\/span>\n\t\t<\/a>\n\t\n<\/div>\n<\/div><br><\/p><div class=\"uagb-ifb-button-wrapper wp-block-button\"><a href=\"https:\/\/calauniexport.com\/es\/contacto\/\" class=\"uagb-infobox-cta-link wp-block-button__link\" target=\"_self\" rel=\"noopener noreferrer\" onclick=\"return true;\"><span class=\"uagb-inline-editing\">CONT\u00c1CTENOS<\/span><\/a><\/div><\/div><\/div>\n\n\n\n<div class=\"wp-block-uagb-container uagb-block-9a4bad7b\">\n<div class=\"wp-block-uagb-info-box uagb-block-639134ac uagb-infobox__content-wrap  uagb-infobox-icon-left uagb-infobox-left uagb-infobox-stacked-mobile uagb-infobox-image-valign-top wp-block-uagb-info-box--has-margin\"><div class=\"uagb-infobox-margin-wrapper\"><div class=\"uagb-ifb-icon-wrap\"><div class=\"uagb-iconbox-icon-wrap uagb-infobox-shape-circle\"><svg xmlns=\"https:\/\/www.w3.org\/2000\/svg\" viewbox=\"0 0 384 512\"><path d=\"M336 0C362.5 0 384 21.49 384 48V464C384 490.5 362.5 512 336 512H240V432C240 405.5 218.5 384 192 384C165.5 384 144 405.5 144 432V512H48C21.49 512 0 490.5 0 464V48C0 21.49 21.49 0 48 0H336zM64 272C64 280.8 71.16 288 80 288H112C120.8 288 128 280.8 128 272V240C128 231.2 120.8 224 112 224H80C71.16 224 64 231.2 64 240V272zM176 224C167.2 224 160 231.2 160 240V272C160 280.8 167.2 288 176 288H208C216.8 288 224 280.8 224 272V240C224 231.2 216.8 224 208 224H176zM256 272C256 280.8 263.2 288 272 288H304C312.8 288 320 280.8 320 272V240C320 231.2 312.8 224 304 224H272C263.2 224 256 231.2 256 240V272zM80 96C71.16 96 64 103.2 64 112V144C64 152.8 71.16 160 80 160H112C120.8 160 128 152.8 128 144V112C128 103.2 120.8 96 112 96H80zM160 144C160 152.8 167.2 160 176 160H208C216.8 160 224 152.8 224 144V112C224 103.2 216.8 96 208 96H176C167.2 96 160 103.2 160 112V144zM272 96C263.2 96 256 103.2 256 112V144C256 152.8 263.2 160 272 160H304C312.8 160 320 152.8 320 144V112C320 103.2 312.8 96 304 96H272z\"><\/path><\/svg><\/div><\/div><div class=\"uagb-ifb-content\"><div class=\"uagb-ifb-title-wrap\"><h3 class=\"uagb-ifb-title\"><strong>ISO 9001<\/strong><\/h3><\/div><p class=\"uagb-ifb-desc\">Esta certificaci\u00f3n demuestra nuestro compromiso con los sistemas de gesti\u00f3n de calidad y la mejora continua de nuestros procesos y productos.<\/p><\/div><\/div><\/div>\n\n\n\n<div class=\"wp-block-uagb-info-box uagb-block-14f4c019 uagb-infobox__content-wrap  uagb-infobox-icon-left uagb-infobox-left uagb-infobox-stacked-mobile uagb-infobox-image-valign-top wp-block-uagb-info-box--has-margin\"><div class=\"uagb-infobox-margin-wrapper\"><div class=\"uagb-ifb-icon-wrap\"><div class=\"uagb-iconbox-icon-wrap uagb-infobox-shape-circle\"><svg xmlns=\"https:\/\/www.w3.org\/2000\/svg\" viewbox=\"0 0 512 512\"><path d=\"M240.1 4.216C249.1-1.405 262-1.405 271.9 4.216L443.6 102.4L447.1 104V104.9L495.9 132.2C508.5 139.4 514.6 154.2 510.9 168.2C507.2 182.2 494.5 192 479.1 192H31.1C17.49 192 4.795 182.2 1.071 168.2C-2.653 154.2 3.524 139.4 16.12 132.2L63.1 104.9V104L68.37 102.4L240.1 4.216zM64 224H128V416H168V224H232V416H280V224H344V416H384V224H448V420.3C448.6 420.6 449.2 420.1 449.8 421.4L497.8 453.4C509.5 461.2 514.7 475.8 510.6 489.3C506.5 502.8 494.1 512 480 512H32C17.9 512 5.46 502.8 1.373 489.3C-2.713 475.8 2.517 461.2 14.25 453.4L62.25 421.4C62.82 420.1 63.41 420.6 64 420.3V224z\"><\/path><\/svg><\/div><\/div><div class=\"uagb-ifb-content\"><div class=\"uagb-ifb-title-wrap\"><h3 class=\"uagb-ifb-title\"><strong>Cumplimiento de REACH<\/strong>:<\/h3><\/div><p class=\"uagb-ifb-desc\">Cumplimos con la normativa REACH de la Uni\u00f3n Europea, garantizando que todos nuestros productos qu\u00edmicos, incluidos <strong>Caluanie Muelear Oxidar<\/strong>, son seguros para su uso y est\u00e1n correctamente registrados.<\/p><\/div><\/div><\/div>\n\n\n\n<div class=\"wp-block-uagb-info-box uagb-block-c55bf804 uagb-infobox__content-wrap  uagb-infobox-icon-left uagb-infobox-left uagb-infobox-stacked-mobile uagb-infobox-image-valign-top wp-block-uagb-info-box--has-margin\"><div class=\"uagb-infobox-margin-wrapper\"><div class=\"uagb-ifb-icon-wrap\"><div class=\"uagb-iconbox-icon-wrap uagb-infobox-shape-circle\"><svg xmlns=\"https:\/\/www.w3.org\/2000\/svg\" viewbox=\"0 0 576 512\"><path d=\"M575.8 255.5C575.8 273.5 560.8 287.6 543.8 287.6H511.8L512.5 447.7C512.6 483.2 483.9 512 448.5 512H128.1C92.75 512 64.09 483.3 64.09 448V287.6H32.05C14.02 287.6 0 273.5 0 255.5C0 246.5 3.004 238.5 10.01 231.5L266.4 8.016C273.4 1.002 281.4 0 288.4 0C295.4 0 303.4 2.004 309.5 7.014L564.8 231.5C572.8 238.5 576.9 246.5 575.8 255.5H575.8zM288 160C252.7 160 224 188.7 224 224C224 259.3 252.7 288 288 288C323.3 288 352 259.3 352 224C352 188.7 323.3 160 288 160zM256 320C211.8 320 176 355.8 176 400C176 408.8 183.2 416 192 416H384C392.8 416 400 408.8 400 400C400 355.8 364.2 320 320 320H256z\"><\/path><\/svg><\/div><\/div><div class=\"uagb-ifb-content\"><div class=\"uagb-ifb-title-wrap\"><h3 class=\"uagb-ifb-title\"><strong>Hojas de datos de seguridad (HDS)<\/strong>:<\/h3><\/div><p class=\"uagb-ifb-desc\"> Proporcionamos hojas de datos de seguridad completas para todos nuestros productos, detallando su manipulaci\u00f3n, almacenamiento y procedimientos de emergencia.<br><strong>Cumplimiento del SGA<\/strong>:Nuestros productos est\u00e1n etiquetados de acuerdo con el Sistema Globalmente Armonizado (GHS) para la clasificaci\u00f3n y etiquetado de productos qu\u00edmicos, garantizando claridad y seguridad para los usuarios.<\/p><\/div><\/div><\/div>\n<\/div>\n<\/div><\/div>\n\n\n\n<div class=\"wp-block-uagb-container uagb-block-8fe14de4 alignfull uagb-is-root-container\">\n<div class=\"wp-block-uagb-container uagb-block-290b1d46\">\n<div class=\"wp-block-uagb-advanced-heading uagb-block-33642a4f\"><h3 class=\"uagb-heading-text\">Nuestra promesa<\/h3><p class=\"uagb-desc-text\"><br>Cuando tu eliges <strong>CULAUNIEXPORT<\/strong>, est\u00e1 eligiendo un socio dedicado a su \u00e9xito. Entendemos la importancia de las entregas puntuales y un servicio al cliente receptivo, por eso garantizamos env\u00edos r\u00e1pidos y soporte experto. Nuestro objetivo es ayudarlo a alcanzar sus objetivos operativos con confianza.<\/p><\/div>\n<\/div>\n<\/div>\n\n\n\n<p><\/p>","protected":false},"excerpt":{"rendered":"<p>About Us Our Promise When you choose CULAUNIEXPORT, you are choosing a partner dedicated to your success. We understand the importance of timely deliveries and responsive customer service, which is why we ensure fast shipping and expert support. Our goal is to help you achieve your operational objectives with confidence.<\/p>","protected":false},"author":1,"featured_media":0,"parent":0,"menu_order":0,"comment_status":"closed","ping_status":"closed","template":"","meta":{"_uag_custom_page_level_css":"","site-sidebar-layout":"no-sidebar","site-content-layout":"plain-container","ast-site-content-layout":"normal-width-container","site-content-style":"unboxed","site-sidebar-style":"unboxed","ast-global-header-display":"","ast-banner-title-visibility":"","ast-main-header-display":"","ast-hfb-above-header-display":"","ast-hfb-below-header-display":"","ast-hfb-mobile-header-display":"","site-post-title":"disabled","ast-breadcrumbs-content":"","ast-featured-img":"disabled","footer-sml-layout":"","theme-transparent-header-meta":"enabled","adv-header-id-meta":"","stick-header-meta":"","header-above-stick-meta":"","header-main-stick-meta":"","header-below-stick-meta":"","astra-migrate-meta-layouts":"set","ast-page-background-enabled":"default","ast-page-background-meta":{"desktop":{"background-color":"var(--ast-global-color-4)","background-image":"","background-repeat":"repeat","background-position":"center center","background-size":"auto","background-attachment":"scroll","background-type":"","background-media":"","overlay-type":"","overlay-color":"","overlay-opacity":"","overlay-gradient":""},"tablet":{"background-color":"","background-image":"","background-repeat":"repeat","background-position":"center center","background-size":"auto","background-attachment":"scroll","background-type":"","background-media":"","overlay-type":"","overlay-color":"","overlay-opacity":"","overlay-gradient":""},"mobile":{"background-color":"","background-image":"","background-repeat":"repeat","background-position":"center center","background-size":"auto","background-attachment":"scroll","background-type":"","background-media":"","overlay-type":"","overlay-color":"","overlay-opacity":"","overlay-gradient":""}},"ast-content-background-meta":{"desktop":{"background-color":"var(--ast-global-color-5)","background-image":"","background-repeat":"repeat","background-position":"center center","background-size":"auto","background-attachment":"scroll","background-type":"","background-media":"","overlay-type":"","overlay-color":"","overlay-opacity":"","overlay-gradient":""},"tablet":{"background-color":"var(--ast-global-color-5)","background-image":"","background-repeat":"repeat","background-position":"center center","background-size":"auto","background-attachment":"scroll","background-type":"","background-media":"","overlay-type":"","overlay-color":"","overlay-opacity":"","overlay-gradient":""},"mobile":{"background-color":"var(--ast-global-color-5)","background-image":"","background-repeat":"repeat","background-position":"center center","background-size":"auto","background-attachment":"scroll","background-type":"","background-media":"","overlay-type":"","overlay-color":"","overlay-opacity":"","overlay-gradient":""}},"_joinchat":[],"footnotes":""},"class_list":["post-499","page","type-page","status-publish","hentry"],"yoast_head":"<!-- This site is optimized with the Yoast SEO plugin v27.2 - https:\/\/yoast.com\/product\/yoast-seo-wordpress\/ -->\n<title>About CULAUNIEXPORT | Trusted Supplier of Caluanie Muelear Oxidize<\/title>\n<meta name=\"description\" content=\"Learn about CULAUNIEXPORT, your trusted source for Caluanie Muelear Oxidize. We prioritize quality and safety with ISO 9001, REACH compliance, and expert support. Discover how we can meet your industrial chemical needs today!\" \/>\n<meta name=\"robots\" content=\"index, follow, max-snippet:-1, max-image-preview:large, max-video-preview:-1\" \/>\n<link rel=\"canonical\" href=\"https:\/\/calauniexport.com\/es\/acerca-de-culauniexport\/\" \/>\n<meta property=\"og:locale\" content=\"es_ES\" \/>\n<meta property=\"og:type\" content=\"article\" \/>\n<meta property=\"og:title\" content=\"About CULAUNIEXPORT | Trusted Supplier of Caluanie Muelear Oxidize\" \/>\n<meta property=\"og:description\" content=\"Learn about CULAUNIEXPORT, your trusted source for Caluanie Muelear Oxidize. We prioritize quality and safety with ISO 9001, REACH compliance, and expert support. Discover how we can meet your industrial chemical needs today!\" \/>\n<meta property=\"og:url\" content=\"https:\/\/calauniexport.com\/es\/acerca-de-culauniexport\/\" \/>\n<meta property=\"og:site_name\" content=\"CULAUNIEXPORT - Your Trusted Supplier of Caluanie Muelear Oxidize\" \/>\n<meta property=\"article:modified_time\" content=\"2025-08-01T11:19:32+00:00\" \/>\n<meta name=\"twitter:card\" content=\"summary_large_image\" \/>\n<meta name=\"twitter:label1\" content=\"Tiempo de lectura\" \/>\n\t<meta name=\"twitter:data1\" content=\"3 minutos\" \/>\n<script type=\"application\/ld+json\" class=\"yoast-schema-graph\">{\"@context\":\"https:\/\/schema.org\",\"@graph\":[{\"@type\":\"WebPage\",\"@id\":\"https:\/\/calauniexport.com\/about-culauniexport\/\",\"url\":\"https:\/\/calauniexport.com\/about-culauniexport\/\",\"name\":\"About CULAUNIEXPORT | Trusted Supplier of Caluanie Muelear Oxidize\",\"isPartOf\":{\"@id\":\"https:\/\/calauniexport.com\/#website\"},\"datePublished\":\"2024-10-18T21:46:03+00:00\",\"dateModified\":\"2025-08-01T11:19:32+00:00\",\"description\":\"Learn about CULAUNIEXPORT, your trusted source for Caluanie Muelear Oxidize. We prioritize quality and safety with ISO 9001, REACH compliance, and expert support. Discover how we can meet your industrial chemical needs today!\",\"breadcrumb\":{\"@id\":\"https:\/\/calauniexport.com\/about-culauniexport\/#breadcrumb\"},\"inLanguage\":\"es\",\"potentialAction\":[{\"@type\":\"ReadAction\",\"target\":[\"https:\/\/calauniexport.com\/about-culauniexport\/\"]}]},{\"@type\":\"BreadcrumbList\",\"@id\":\"https:\/\/calauniexport.com\/about-culauniexport\/#breadcrumb\",\"itemListElement\":[{\"@type\":\"ListItem\",\"position\":1,\"name\":\"Home\",\"item\":\"https:\/\/calauniexport.com\/\"},{\"@type\":\"ListItem\",\"position\":2,\"name\":\"About\"}]},{\"@type\":\"WebSite\",\"@id\":\"https:\/\/calauniexport.com\/#website\",\"url\":\"https:\/\/calauniexport.com\/\",\"name\":\"CULAUNIEXPORT - Your Trusted Supplier of Caluanie Muelear Oxidize\",\"description\":\"Quality Chemicals, Reliable Service, Unmatched Expertise\",\"publisher\":{\"@id\":\"https:\/\/calauniexport.com\/#organization\"},\"potentialAction\":[{\"@type\":\"SearchAction\",\"target\":{\"@type\":\"EntryPoint\",\"urlTemplate\":\"https:\/\/calauniexport.com\/?s={search_term_string}\"},\"query-input\":{\"@type\":\"PropertyValueSpecification\",\"valueRequired\":true,\"valueName\":\"search_term_string\"}}],\"inLanguage\":\"es\"},{\"@type\":\"Organization\",\"@id\":\"https:\/\/calauniexport.com\/#organization\",\"name\":\"CULAUNIEXPORT - Your Trusted Supplier of Caluanie Muelear Oxidize\",\"url\":\"https:\/\/calauniexport.com\/\",\"logo\":{\"@type\":\"ImageObject\",\"inLanguage\":\"es\",\"@id\":\"https:\/\/calauniexport.com\/#\/schema\/logo\/image\/\",\"url\":\"https:\/\/calauniexport.com\/wp-content\/uploads\/2024\/10\/cropped-Blue-Pink-Bold-Modern-Science-Club-Chemistry-Logo-1.png\",\"contentUrl\":\"https:\/\/calauniexport.com\/wp-content\/uploads\/2024\/10\/cropped-Blue-Pink-Bold-Modern-Science-Club-Chemistry-Logo-1.png\",\"width\":500,\"height\":191,\"caption\":\"CULAUNIEXPORT - Your Trusted Supplier of Caluanie Muelear Oxidize\"},\"image\":{\"@id\":\"https:\/\/calauniexport.com\/#\/schema\/logo\/image\/\"}}]}<\/script>\n<!-- \/ Yoast SEO plugin. -->","yoast_head_json":{"title":"Acerca de CULAUNIEXPORT | Proveedor confiable de \u00f3xido de calcio Muelear","description":"Inf\u00f3rmese sobre CULAUNIEXPORT, su fuente de confianza para Caluanie Muelear Oxidize. Priorizamos la calidad y la seguridad con la certificaci\u00f3n ISO 9001, el cumplimiento de REACH y el apoyo de expertos. \u00a1Descubra c\u00f3mo podemos satisfacer sus necesidades de productos qu\u00edmicos industriales hoy mismo!","robots":{"index":"index","follow":"follow","max-snippet":"max-snippet:-1","max-image-preview":"max-image-preview:large","max-video-preview":"max-video-preview:-1"},"canonical":"https:\/\/calauniexport.com\/es\/acerca-de-culauniexport\/","og_locale":"es_ES","og_type":"article","og_title":"About CULAUNIEXPORT | Trusted Supplier of Caluanie Muelear Oxidize","og_description":"Learn about CULAUNIEXPORT, your trusted source for Caluanie Muelear Oxidize. We prioritize quality and safety with ISO 9001, REACH compliance, and expert support. Discover how we can meet your industrial chemical needs today!","og_url":"https:\/\/calauniexport.com\/es\/acerca-de-culauniexport\/","og_site_name":"CULAUNIEXPORT - Your Trusted Supplier of Caluanie Muelear Oxidize","article_modified_time":"2025-08-01T11:19:32+00:00","twitter_card":"summary_large_image","twitter_misc":{"Tiempo de lectura":"3 minutos"},"schema":{"@context":"https:\/\/schema.org","@graph":[{"@type":"WebPage","@id":"https:\/\/calauniexport.com\/about-culauniexport\/","url":"https:\/\/calauniexport.com\/about-culauniexport\/","name":"Acerca de CULAUNIEXPORT | Proveedor confiable de \u00f3xido de calcio Muelear","isPartOf":{"@id":"https:\/\/calauniexport.com\/#website"},"datePublished":"2024-10-18T21:46:03+00:00","dateModified":"2025-08-01T11:19:32+00:00","description":"Inf\u00f3rmese sobre CULAUNIEXPORT, su fuente de confianza para Caluanie Muelear Oxidize. Priorizamos la calidad y la seguridad con la certificaci\u00f3n ISO 9001, el cumplimiento de REACH y el apoyo de expertos. \u00a1Descubra c\u00f3mo podemos satisfacer sus necesidades de productos qu\u00edmicos industriales hoy mismo!","breadcrumb":{"@id":"https:\/\/calauniexport.com\/about-culauniexport\/#breadcrumb"},"inLanguage":"es","potentialAction":[{"@type":"ReadAction","target":["https:\/\/calauniexport.com\/about-culauniexport\/"]}]},{"@type":"BreadcrumbList","@id":"https:\/\/calauniexport.com\/about-culauniexport\/#breadcrumb","itemListElement":[{"@type":"ListItem","position":1,"name":"Home","item":"https:\/\/calauniexport.com\/"},{"@type":"ListItem","position":2,"name":"About"}]},{"@type":"WebSite","@id":"https:\/\/calauniexport.com\/#website","url":"https:\/\/calauniexport.com\/","name":"CULAUNIEXPORT - Su proveedor de confianza de Caluanie Muelear Oxidize","description":"Productos qu\u00edmicos de calidad, servicio fiable, experiencia inigualable","publisher":{"@id":"https:\/\/calauniexport.com\/#organization"},"potentialAction":[{"@type":"SearchAction","target":{"@type":"EntryPoint","urlTemplate":"https:\/\/calauniexport.com\/?s={search_term_string}"},"query-input":{"@type":"PropertyValueSpecification","valueRequired":true,"valueName":"search_term_string"}}],"inLanguage":"es"},{"@type":"Organization","@id":"https:\/\/calauniexport.com\/#organization","name":"CULAUNIEXPORT - Su proveedor de confianza de Caluanie Muelear Oxidize","url":"https:\/\/calauniexport.com\/","logo":{"@type":"ImageObject","inLanguage":"es","@id":"https:\/\/calauniexport.com\/#\/schema\/logo\/image\/","url":"https:\/\/calauniexport.com\/wp-content\/uploads\/2024\/10\/cropped-Blue-Pink-Bold-Modern-Science-Club-Chemistry-Logo-1.png","contentUrl":"https:\/\/calauniexport.com\/wp-content\/uploads\/2024\/10\/cropped-Blue-Pink-Bold-Modern-Science-Club-Chemistry-Logo-1.png","width":500,"height":191,"caption":"CULAUNIEXPORT - Your Trusted Supplier of Caluanie Muelear Oxidize"},"image":{"@id":"https:\/\/calauniexport.com\/#\/schema\/logo\/image\/"}}]}},"uagb_featured_image_src":{"full":false,"thumbnail":false,"medium":false,"medium_large":false,"large":false,"1536x1536":false,"2048x2048":false,"trp-custom-language-flag":false,"woocommerce_thumbnail":false,"woocommerce_single":false,"woocommerce_gallery_thumbnail":false},"uagb_author_info":{"display_name":"Richard Wood","author_link":"https:\/\/calauniexport.com\/es\/author\/expireddomains1000gmail-com\/"},"uagb_comment_info":0,"uagb_excerpt":"About Us Our Promise When you choose CULAUNIEXPORT, you are choosing a partner dedicated to your success. We understand the importance of timely deliveries and responsive customer service, which is why we ensure fast shipping and expert support. Our goal is to help you achieve your operational objectives with confidence.","_links":{"self":[{"href":"https:\/\/calauniexport.com\/es\/wp-json\/wp\/v2\/pages\/499","targetHints":{"allow":["GET"]}}],"collection":[{"href":"https:\/\/calauniexport.com\/es\/wp-json\/wp\/v2\/pages"}],"about":[{"href":"https:\/\/calauniexport.com\/es\/wp-json\/wp\/v2\/types\/page"}],"author":[{"embeddable":true,"href":"https:\/\/calauniexport.com\/es\/wp-json\/wp\/v2\/users\/1"}],"replies":[{"embeddable":true,"href":"https:\/\/calauniexport.com\/es\/wp-json\/wp\/v2\/comments?post=499"}],"version-history":[{"count":8,"href":"https:\/\/calauniexport.com\/es\/wp-json\/wp\/v2\/pages\/499\/revisions"}],"predecessor-version":[{"id":1510,"href":"https:\/\/calauniexport.com\/es\/wp-json\/wp\/v2\/pages\/499\/revisions\/1510"}],"wp:attachment":[{"href":"https:\/\/calauniexport.com\/es\/wp-json\/wp\/v2\/media?parent=499"}],"curies":[{"name":"wp","href":"https:\/\/api.w.org\/{rel}","templated":true}]}}