{"id":1216,"date":"2024-10-18T23:48:27","date_gmt":"2024-10-18T23:48:27","guid":{"rendered":"https:\/\/calauniexport.com\/cart\/"},"modified":"2024-10-18T23:48:27","modified_gmt":"2024-10-18T23:48:27","slug":"chariot","status":"publish","type":"page","link":"https:\/\/calauniexport.com\/fr\/chariot\/","title":{"rendered":"Chariot"},"content":{"rendered":"","protected":false},"excerpt":{"rendered":"","protected":false},"author":1,"featured_media":0,"parent":0,"menu_order":0,"comment_status":"closed","ping_status":"closed","template":"","meta":{"_uag_custom_page_level_css":"","site-sidebar-layout":"default","site-content-layout":"","ast-site-content-layout":"","site-content-style":"default","site-sidebar-style":"default","ast-global-header-display":"","ast-banner-title-visibility":"","ast-main-header-display":"","ast-hfb-above-header-display":"","ast-hfb-below-header-display":"","ast-hfb-mobile-header-display":"","site-post-title":"","ast-breadcrumbs-content":"","ast-featured-img":"","footer-sml-layout":"","theme-transparent-header-meta":"","adv-header-id-meta":"","stick-header-meta":"","header-above-stick-meta":"","header-main-stick-meta":"","header-below-stick-meta":"","astra-migrate-meta-layouts":"default","ast-page-background-enabled":"default","ast-page-background-meta":{"desktop":{"background-color":"var(--ast-global-color-4)","background-image":"","background-repeat":"repeat","background-position":"center center","background-size":"auto","background-attachment":"scroll","background-type":"","background-media":"","overlay-type":"","overlay-color":"","overlay-opacity":"","overlay-gradient":""},"tablet":{"background-color":"","background-image":"","background-repeat":"repeat","background-position":"center center","background-size":"auto","background-attachment":"scroll","background-type":"","background-media":"","overlay-type":"","overlay-color":"","overlay-opacity":"","overlay-gradient":""},"mobile":{"background-color":"","background-image":"","background-repeat":"repeat","background-position":"center center","background-size":"auto","background-attachment":"scroll","background-type":"","background-media":"","overlay-type":"","overlay-color":"","overlay-opacity":"","overlay-gradient":""}},"ast-content-background-meta":{"desktop":{"background-color":"var(--ast-global-color-5)","background-image":"","background-repeat":"repeat","background-position":"center center","background-size":"auto","background-attachment":"scroll","background-type":"","background-media":"","overlay-type":"","overlay-color":"","overlay-opacity":"","overlay-gradient":""},"tablet":{"background-color":"var(--ast-global-color-5)","background-image":"","background-repeat":"repeat","background-position":"center center","background-size":"auto","background-attachment":"scroll","background-type":"","background-media":"","overlay-type":"","overlay-color":"","overlay-opacity":"","overlay-gradient":""},"mobile":{"background-color":"var(--ast-global-color-5)","background-image":"","background-repeat":"repeat","background-position":"center center","background-size":"auto","background-attachment":"scroll","background-type":"","background-media":"","overlay-type":"","overlay-color":"","overlay-opacity":"","overlay-gradient":""}},"_joinchat":[],"footnotes":""},"class_list":["post-1216","page","type-page","status-publish","hentry"],"yoast_head":"<!-- This site is optimized with the Yoast SEO plugin v27.2 - https:\/\/yoast.com\/product\/yoast-seo-wordpress\/ -->\n<title>Cart - CULAUNIEXPORT - Your Trusted Supplier of Caluanie Muelear Oxidize<\/title>\n<meta name=\"robots\" content=\"index, follow, max-snippet:-1, max-image-preview:large, max-video-preview:-1\" \/>\n<link rel=\"canonical\" href=\"https:\/\/calauniexport.com\/fr\/chariot\/\" \/>\n<meta property=\"og:locale\" content=\"fr_FR\" \/>\n<meta property=\"og:type\" content=\"article\" \/>\n<meta property=\"og:title\" content=\"Cart - CULAUNIEXPORT - Your Trusted Supplier of Caluanie Muelear Oxidize\" \/>\n<meta property=\"og:url\" content=\"https:\/\/calauniexport.com\/fr\/chariot\/\" \/>\n<meta property=\"og:site_name\" content=\"CULAUNIEXPORT - Your Trusted Supplier of Caluanie Muelear Oxidize\" \/>\n<meta name=\"twitter:card\" content=\"summary_large_image\" \/>\n<script type=\"application\/ld+json\" class=\"yoast-schema-graph\">{\"@context\":\"https:\/\/schema.org\",\"@graph\":[{\"@type\":\"WebPage\",\"@id\":\"https:\/\/calauniexport.com\/cart\/\",\"url\":\"https:\/\/calauniexport.com\/cart\/\",\"name\":\"Cart - CULAUNIEXPORT - Your Trusted Supplier of Caluanie Muelear Oxidize\",\"isPartOf\":{\"@id\":\"https:\/\/calauniexport.com\/#website\"},\"datePublished\":\"2024-10-18T23:48:27+00:00\",\"breadcrumb\":{\"@id\":\"https:\/\/calauniexport.com\/cart\/#breadcrumb\"},\"inLanguage\":\"fr-FR\",\"potentialAction\":[{\"@type\":\"ReadAction\",\"target\":[\"https:\/\/calauniexport.com\/cart\/\"]}]},{\"@type\":\"BreadcrumbList\",\"@id\":\"https:\/\/calauniexport.com\/cart\/#breadcrumb\",\"itemListElement\":[{\"@type\":\"ListItem\",\"position\":1,\"name\":\"Home\",\"item\":\"https:\/\/calauniexport.com\/\"},{\"@type\":\"ListItem\",\"position\":2,\"name\":\"Cart\"}]},{\"@type\":\"WebSite\",\"@id\":\"https:\/\/calauniexport.com\/#website\",\"url\":\"https:\/\/calauniexport.com\/\",\"name\":\"CULAUNIEXPORT - Your Trusted Supplier of Caluanie Muelear Oxidize\",\"description\":\"Quality Chemicals, Reliable Service, Unmatched Expertise\",\"publisher\":{\"@id\":\"https:\/\/calauniexport.com\/#organization\"},\"potentialAction\":[{\"@type\":\"SearchAction\",\"target\":{\"@type\":\"EntryPoint\",\"urlTemplate\":\"https:\/\/calauniexport.com\/?s={search_term_string}\"},\"query-input\":{\"@type\":\"PropertyValueSpecification\",\"valueRequired\":true,\"valueName\":\"search_term_string\"}}],\"inLanguage\":\"fr-FR\"},{\"@type\":\"Organization\",\"@id\":\"https:\/\/calauniexport.com\/#organization\",\"name\":\"CULAUNIEXPORT - Your Trusted Supplier of Caluanie Muelear Oxidize\",\"url\":\"https:\/\/calauniexport.com\/\",\"logo\":{\"@type\":\"ImageObject\",\"inLanguage\":\"fr-FR\",\"@id\":\"https:\/\/calauniexport.com\/#\/schema\/logo\/image\/\",\"url\":\"https:\/\/calauniexport.com\/wp-content\/uploads\/2024\/10\/cropped-Blue-Pink-Bold-Modern-Science-Club-Chemistry-Logo-1.png\",\"contentUrl\":\"https:\/\/calauniexport.com\/wp-content\/uploads\/2024\/10\/cropped-Blue-Pink-Bold-Modern-Science-Club-Chemistry-Logo-1.png\",\"width\":500,\"height\":191,\"caption\":\"CULAUNIEXPORT - Your Trusted Supplier of Caluanie Muelear Oxidize\"},\"image\":{\"@id\":\"https:\/\/calauniexport.com\/#\/schema\/logo\/image\/\"}}]}<\/script>\n<!-- \/ Yoast SEO plugin. -->","yoast_head_json":{"title":"Panier - CULAUNIEXPORT - Votre fournisseur de confiance d&#039;oxyde de caluanie muelear","robots":{"index":"index","follow":"follow","max-snippet":"max-snippet:-1","max-image-preview":"max-image-preview:large","max-video-preview":"max-video-preview:-1"},"canonical":"https:\/\/calauniexport.com\/fr\/chariot\/","og_locale":"fr_FR","og_type":"article","og_title":"Cart - CULAUNIEXPORT - Your Trusted Supplier of Caluanie Muelear Oxidize","og_url":"https:\/\/calauniexport.com\/fr\/chariot\/","og_site_name":"CULAUNIEXPORT - Your Trusted Supplier of Caluanie Muelear Oxidize","twitter_card":"summary_large_image","schema":{"@context":"https:\/\/schema.org","@graph":[{"@type":"WebPage","@id":"https:\/\/calauniexport.com\/cart\/","url":"https:\/\/calauniexport.com\/cart\/","name":"Panier - CULAUNIEXPORT - Votre fournisseur de confiance d&#039;oxyde de caluanie muelear","isPartOf":{"@id":"https:\/\/calauniexport.com\/#website"},"datePublished":"2024-10-18T23:48:27+00:00","breadcrumb":{"@id":"https:\/\/calauniexport.com\/cart\/#breadcrumb"},"inLanguage":"fr-FR","potentialAction":[{"@type":"ReadAction","target":["https:\/\/calauniexport.com\/cart\/"]}]},{"@type":"BreadcrumbList","@id":"https:\/\/calauniexport.com\/cart\/#breadcrumb","itemListElement":[{"@type":"ListItem","position":1,"name":"Home","item":"https:\/\/calauniexport.com\/"},{"@type":"ListItem","position":2,"name":"Cart"}]},{"@type":"WebSite","@id":"https:\/\/calauniexport.com\/#website","url":"https:\/\/calauniexport.com\/","name":"CULAUNIEXPORT - Votre fournisseur de confiance de Caluanie Muelear Oxidize","description":"Produits chimiques de qualit\u00e9, service fiable, expertise in\u00e9gal\u00e9e","publisher":{"@id":"https:\/\/calauniexport.com\/#organization"},"potentialAction":[{"@type":"SearchAction","target":{"@type":"EntryPoint","urlTemplate":"https:\/\/calauniexport.com\/?s={search_term_string}"},"query-input":{"@type":"PropertyValueSpecification","valueRequired":true,"valueName":"search_term_string"}}],"inLanguage":"fr-FR"},{"@type":"Organization","@id":"https:\/\/calauniexport.com\/#organization","name":"CULAUNIEXPORT - Votre fournisseur de confiance de Caluanie Muelear Oxidize","url":"https:\/\/calauniexport.com\/","logo":{"@type":"ImageObject","inLanguage":"fr-FR","@id":"https:\/\/calauniexport.com\/#\/schema\/logo\/image\/","url":"https:\/\/calauniexport.com\/wp-content\/uploads\/2024\/10\/cropped-Blue-Pink-Bold-Modern-Science-Club-Chemistry-Logo-1.png","contentUrl":"https:\/\/calauniexport.com\/wp-content\/uploads\/2024\/10\/cropped-Blue-Pink-Bold-Modern-Science-Club-Chemistry-Logo-1.png","width":500,"height":191,"caption":"CULAUNIEXPORT - Your Trusted Supplier of Caluanie Muelear Oxidize"},"image":{"@id":"https:\/\/calauniexport.com\/#\/schema\/logo\/image\/"}}]}},"uagb_featured_image_src":{"full":false,"thumbnail":false,"medium":false,"medium_large":false,"large":false,"1536x1536":false,"2048x2048":false,"trp-custom-language-flag":false,"woocommerce_thumbnail":false,"woocommerce_single":false,"woocommerce_gallery_thumbnail":false},"uagb_author_info":{"display_name":"Richard Wood","author_link":"https:\/\/calauniexport.com\/fr\/author\/expireddomains1000gmail-com\/"},"uagb_comment_info":0,"uagb_excerpt":null,"_links":{"self":[{"href":"https:\/\/calauniexport.com\/fr\/wp-json\/wp\/v2\/pages\/1216","targetHints":{"allow":["GET"]}}],"collection":[{"href":"https:\/\/calauniexport.com\/fr\/wp-json\/wp\/v2\/pages"}],"about":[{"href":"https:\/\/calauniexport.com\/fr\/wp-json\/wp\/v2\/types\/page"}],"author":[{"embeddable":true,"href":"https:\/\/calauniexport.com\/fr\/wp-json\/wp\/v2\/users\/1"}],"replies":[{"embeddable":true,"href":"https:\/\/calauniexport.com\/fr\/wp-json\/wp\/v2\/comments?post=1216"}],"version-history":[{"count":0,"href":"https:\/\/calauniexport.com\/fr\/wp-json\/wp\/v2\/pages\/1216\/revisions"}],"wp:attachment":[{"href":"https:\/\/calauniexport.com\/fr\/wp-json\/wp\/v2\/media?parent=1216"}],"curies":[{"name":"wp","href":"https:\/\/api.w.org\/{rel}","templated":true}]}}