{"id":499,"date":"2024-10-18T21:46:03","date_gmt":"2024-10-18T21:46:03","guid":{"rendered":"https:\/\/calauniexport.com\/about\/"},"modified":"2025-08-01T11:19:32","modified_gmt":"2025-08-01T11:19:32","slug":"a-propos-de-culauniexport","status":"publish","type":"page","link":"https:\/\/calauniexport.com\/fr\/a-propos-de-culauniexport\/","title":{"rendered":"A propos de"},"content":{"rendered":"<div class=\"wp-block-uagb-container uagb-block-37fe9e23 alignfull uagb-is-root-container\"><div class=\"uagb-container-inner-blocks-wrap\">\n<div class=\"wp-block-uagb-advanced-heading uagb-block-d36b578f\"><h1 class=\"uagb-heading-text\">\u00c0 propos de nous<\/h1><\/div>\n<\/div><\/div>\n\n\n\n<div class=\"wp-block-uagb-container uagb-block-e4be775b alignfull uagb-is-root-container\"><div class=\"uagb-container-inner-blocks-wrap\">\n<div class=\"wp-block-uagb-info-box uagb-block-1160787b uagb-infobox__content-wrap  uagb-infobox-icon-above-title uagb-infobox-image-valign-top\"><div class=\"uagb-ifb-content\"><div class=\"uagb-ifb-title-wrap\"><h3 class=\"uagb-ifb-title-prefix\">\u00c0 propos de nous<\/h3><h2 class=\"uagb-ifb-title\"><strong>Certifi\u00e9 et agr\u00e9\u00e9 pour votre s\u00e9curit\u00e9<\/strong><\/h2><\/div><p class=\"uagb-ifb-desc\"><br>Chez CALAUNIEXPORT, nous sommes fiers d&#039;\u00eatre un fournisseur enti\u00e8rement agr\u00e9\u00e9 et certifi\u00e9 de <strong><a href=\"https:\/\/calauniexport.com\/fr\/\">Caluanie Muelear Oxidize<\/a><\/strong> et autres produits chimiques industriels. Notre engagement en mati\u00e8re de conformit\u00e9, de s\u00e9curit\u00e9 et de professionnalisme garantit que chaque produit que nous proposons r\u00e9pond aux normes internationales les plus \u00e9lev\u00e9es.<br>Nous comprenons l&#039;importance de la confiance lors de l&#039;achat de produits chimiques, en particulier pour un usage industriel. C&#039;est pourquoi nous d\u00e9tenons toutes les garanties n\u00e9cessaires <strong>certifications et licences<\/strong> Nous sommes tenus de vendre, de stocker et de transporter des mati\u00e8res dangereuses. Notre conformit\u00e9 \u00e0 des r\u00e9glementations strictes d\u00e9montre notre engagement \u00e0 fournir des produits s\u00fbrs et fiables.<br><br><strong>Nos certifications incluent :<\/strong><br><br><strong>Licences de manipulation de produits chimiques<\/strong>:Certifi\u00e9 pour manipuler, stocker et exp\u00e9dier des mati\u00e8res dangereuses en toute s\u00e9curit\u00e9, conform\u00e9ment aux r\u00e9glementations locales et internationales.<br><strong>Fiche de donn\u00e9es de s\u00e9curit\u00e9 (FDS)<\/strong>:Nous fournissons des informations d\u00e9taill\u00e9es sur la s\u00e9curit\u00e9 et la manipulation de tous les produits, garantissant que vous disposez de toutes les connaissances n\u00e9cessaires pour les utiliser en toute s\u00e9curit\u00e9.<br><strong>Certification REACH<\/strong> (pour les clients europ\u00e9ens) : Nos produits sont enti\u00e8rement conformes aux r\u00e9glementations chimiques de l&#039;UE, garantissant leur s\u00e9curit\u00e9 d&#039;utilisation et de distribution dans toute l&#039;Europe.<br><strong>Certification ISO<\/strong>:Nous maintenons <strong>ISO 9001<\/strong> pour la gestion de la qualit\u00e9 et <strong>ISO 14001<\/strong> pour des pratiques environnementales, garantissant les normes les plus \u00e9lev\u00e9es \u00e0 chaque \u00e9tape de notre processus.<br><strong>Enregistrement des mati\u00e8res dangereuses<\/strong>:Nous sommes enregistr\u00e9s aupr\u00e8s des organismes de r\u00e9glementation pour assurer le transport s\u00fbr et l\u00e9gal des marchandises dangereuses.<br><strong>Permis d&#039;exportation\/importation<\/strong>:Nos produits sont l\u00e9galement autoris\u00e9s pour le commerce international, garantissant des processus douaniers fluides et une livraison s\u00e9curis\u00e9e.<br><br><strong>Livraison et fiabilit\u00e9 garanties<\/strong><br><br>Gr\u00e2ce \u00e0 ces certifications, nous vous garantissons que votre commande sera trait\u00e9e avec le plus grand professionnalisme et livr\u00e9e en toute s\u00e9curit\u00e9. Que vous achetiez <strong>Caluanie Muelear Oxidize<\/strong> pour le concassage des m\u00e9taux, l&#039;utilisation de produits chimiques industriels ou toute autre application, vous pouvez nous faire confiance pour vous offrir une exp\u00e9rience transparente de la commande \u00e0 la livraison.<br><br><strong>Pourquoi nous choisir?<\/strong><br><br>Nos certifications et licences prouvent non seulement notre l\u00e9gitimit\u00e9, mais refl\u00e8tent \u00e9galement notre engagement ind\u00e9fectible envers la s\u00e9curit\u00e9 et la satisfaction de nos clients. Avec CALAUNIEXPORT, vous pouvez \u00eatre s\u00fbr de travailler avec un fournisseur fiable et certifi\u00e9 qui r\u00e9pond \u00e0 toutes les exigences l\u00e9gales pour vendre et exporter des produits chimiques dans le monde entier.<br><strong>Partenaire de confiance<\/strong><br>Lorsque vous nous choisissez, vous choisissez un <strong>partenaire de confiance<\/strong> avec une exp\u00e9rience \u00e9prouv\u00e9e. Nos processus et licences certifi\u00e9s garantissent le respect des normes de s\u00e9curit\u00e9 et d&#039;environnement les plus strictes, vous offrant ainsi une tranquillit\u00e9 d&#039;esprit lors de l&#039;achat de nos produits.<br>N&#039;h\u00e9sitez pas \u00e0 <strong><a href=\"https:\/\/calauniexport.com\/fr\/contact\/\">Contactez-nous<\/a><\/strong> Pour plus d&#039;informations ou pour passer votre commande d\u00e8s aujourd&#039;hui, nous sommes l\u00e0 pour vous fournir des solutions fiables, certifi\u00e9es et conformes \u00e0 la loi pour tous vos besoins en produits chimiques industriels.<br><div class=\"cr-trustbadgef\"><div class=\"cr-badge badge_size_small cr-trustbadge-border\" style=\"background-color:#ffffff;\">\n\n\t<div class=\"badge__store\">CULAUNIEXPORT - Votre fournisseur de confiance de Caluanie Muelear Oxidize<\/div>\n\n\t<div class=\"badge__nowrap\">\n\t\t<div class=\"badge__stars\">\n\t\t\t\t\t\t\t<div class=\"badge__star\">\n\t\t\t\t\t<div class=\"badge__star-icon badge__star-icon_type_empty\"><\/div>\n\t\t\t\t\t<div class=\"badge__star-icon badge__star-icon_type_fill\" style=\"width: 100%\"><\/div>\n\t\t\t\t<\/div>\n\t\t\t\t\t\t\t<div class=\"badge__star\">\n\t\t\t\t\t<div class=\"badge__star-icon badge__star-icon_type_empty\"><\/div>\n\t\t\t\t\t<div class=\"badge__star-icon badge__star-icon_type_fill\" style=\"width: 100%\"><\/div>\n\t\t\t\t<\/div>\n\t\t\t\t\t\t\t<div class=\"badge__star\">\n\t\t\t\t\t<div class=\"badge__star-icon badge__star-icon_type_empty\"><\/div>\n\t\t\t\t\t<div class=\"badge__star-icon badge__star-icon_type_fill\" style=\"width: 100%\"><\/div>\n\t\t\t\t<\/div>\n\t\t\t\t\t\t\t<div class=\"badge__star\">\n\t\t\t\t\t<div class=\"badge__star-icon badge__star-icon_type_empty\"><\/div>\n\t\t\t\t\t<div class=\"badge__star-icon badge__star-icon_type_fill\" style=\"width: 100%\"><\/div>\n\t\t\t\t<\/div>\n\t\t\t\t\t\t\t<div class=\"badge__star\">\n\t\t\t\t\t<div class=\"badge__star-icon badge__star-icon_type_empty\"><\/div>\n\t\t\t\t\t<div class=\"badge__star-icon badge__star-icon_type_fill\" style=\"width: 70%\"><\/div>\n\t\t\t\t<\/div>\n\t\t\t\t\t<\/div>\n\n\t\t<div class=\"badge__verified verified\">\n\t\t\t<div class=\"verified__logo\"><\/div>\n\t\t\t<div class=\"verified__text\">Ce que disent nos clients<\/div>\n\t\t<\/div>\n\t<\/div>\n\n\t<div class=\"badge__rating rating\">\n\t\t\t\t\t<span class=\"rating__store\">4.70 \u00e9valuation<\/span> <span class=\"rating__reviews\">(478 avis)<\/span>\n\t\t\t<\/div>\n\n\t\t\t<a href=\"https:\/\/calauniexport.com\/fr\/reviews\/\" rel=\"nofollow noopener noreferrer\" target=\"_blank\" aria-label=\"CULAUNIEXPORT - Votre fournisseur de confiance de Caluanie Muelear Oxidize\">\n\t\t\t<span class=\"badge__link\"><\/span>\n\t\t<\/a>\n\t\n<\/div>\n<\/div><br><\/p><div class=\"uagb-ifb-button-wrapper wp-block-button\"><a href=\"https:\/\/calauniexport.com\/fr\/contact\/\" class=\"uagb-infobox-cta-link wp-block-button__link\" target=\"_self\" rel=\"noopener noreferrer\" onclick=\"return true;\"><span class=\"uagb-inline-editing\">CONTACTEZ-NOUS<\/span><\/a><\/div><\/div><\/div>\n\n\n\n<div class=\"wp-block-uagb-container uagb-block-9a4bad7b\">\n<div class=\"wp-block-uagb-info-box uagb-block-639134ac uagb-infobox__content-wrap  uagb-infobox-icon-left uagb-infobox-left uagb-infobox-stacked-mobile uagb-infobox-image-valign-top wp-block-uagb-info-box--has-margin\"><div class=\"uagb-infobox-margin-wrapper\"><div class=\"uagb-ifb-icon-wrap\"><div class=\"uagb-iconbox-icon-wrap uagb-infobox-shape-circle\"><svg xmlns=\"https:\/\/www.w3.org\/2000\/svg\" viewbox=\"0 0 384 512\"><path d=\"M336 0C362.5 0 384 21.49 384 48V464C384 490.5 362.5 512 336 512H240V432C240 405.5 218.5 384 192 384C165.5 384 144 405.5 144 432V512H48C21.49 512 0 490.5 0 464V48C0 21.49 21.49 0 48 0H336zM64 272C64 280.8 71.16 288 80 288H112C120.8 288 128 280.8 128 272V240C128 231.2 120.8 224 112 224H80C71.16 224 64 231.2 64 240V272zM176 224C167.2 224 160 231.2 160 240V272C160 280.8 167.2 288 176 288H208C216.8 288 224 280.8 224 272V240C224 231.2 216.8 224 208 224H176zM256 272C256 280.8 263.2 288 272 288H304C312.8 288 320 280.8 320 272V240C320 231.2 312.8 224 304 224H272C263.2 224 256 231.2 256 240V272zM80 96C71.16 96 64 103.2 64 112V144C64 152.8 71.16 160 80 160H112C120.8 160 128 152.8 128 144V112C128 103.2 120.8 96 112 96H80zM160 144C160 152.8 167.2 160 176 160H208C216.8 160 224 152.8 224 144V112C224 103.2 216.8 96 208 96H176C167.2 96 160 103.2 160 112V144zM272 96C263.2 96 256 103.2 256 112V144C256 152.8 263.2 160 272 160H304C312.8 160 320 152.8 320 144V112C320 103.2 312.8 96 304 96H272z\"><\/path><\/svg><\/div><\/div><div class=\"uagb-ifb-content\"><div class=\"uagb-ifb-title-wrap\"><h3 class=\"uagb-ifb-title\"><strong>ISO 9001<\/strong><\/h3><\/div><p class=\"uagb-ifb-desc\">Cette certification d\u00e9montre notre engagement envers les syst\u00e8mes de gestion de la qualit\u00e9 et l\u2019am\u00e9lioration continue de nos processus et de nos produits.<\/p><\/div><\/div><\/div>\n\n\n\n<div class=\"wp-block-uagb-info-box uagb-block-14f4c019 uagb-infobox__content-wrap  uagb-infobox-icon-left uagb-infobox-left uagb-infobox-stacked-mobile uagb-infobox-image-valign-top wp-block-uagb-info-box--has-margin\"><div class=\"uagb-infobox-margin-wrapper\"><div class=\"uagb-ifb-icon-wrap\"><div class=\"uagb-iconbox-icon-wrap uagb-infobox-shape-circle\"><svg xmlns=\"https:\/\/www.w3.org\/2000\/svg\" viewbox=\"0 0 512 512\"><path d=\"M240.1 4.216C249.1-1.405 262-1.405 271.9 4.216L443.6 102.4L447.1 104V104.9L495.9 132.2C508.5 139.4 514.6 154.2 510.9 168.2C507.2 182.2 494.5 192 479.1 192H31.1C17.49 192 4.795 182.2 1.071 168.2C-2.653 154.2 3.524 139.4 16.12 132.2L63.1 104.9V104L68.37 102.4L240.1 4.216zM64 224H128V416H168V224H232V416H280V224H344V416H384V224H448V420.3C448.6 420.6 449.2 420.1 449.8 421.4L497.8 453.4C509.5 461.2 514.7 475.8 510.6 489.3C506.5 502.8 494.1 512 480 512H32C17.9 512 5.46 502.8 1.373 489.3C-2.713 475.8 2.517 461.2 14.25 453.4L62.25 421.4C62.82 420.1 63.41 420.6 64 420.3V224z\"><\/path><\/svg><\/div><\/div><div class=\"uagb-ifb-content\"><div class=\"uagb-ifb-title-wrap\"><h3 class=\"uagb-ifb-title\"><strong>Conformit\u00e9 REACH<\/strong>:<\/h3><\/div><p class=\"uagb-ifb-desc\">Nous respectons le r\u00e8glement REACH de l&#039;Union europ\u00e9enne, garantissant que tous nos produits chimiques, y compris <strong>Caluanie Muelear Oxidize<\/strong>, sont s\u00fbrs \u00e0 utiliser et correctement enregistr\u00e9s.<\/p><\/div><\/div><\/div>\n\n\n\n<div class=\"wp-block-uagb-info-box uagb-block-c55bf804 uagb-infobox__content-wrap  uagb-infobox-icon-left uagb-infobox-left uagb-infobox-stacked-mobile uagb-infobox-image-valign-top wp-block-uagb-info-box--has-margin\"><div class=\"uagb-infobox-margin-wrapper\"><div class=\"uagb-ifb-icon-wrap\"><div class=\"uagb-iconbox-icon-wrap uagb-infobox-shape-circle\"><svg xmlns=\"https:\/\/www.w3.org\/2000\/svg\" viewbox=\"0 0 576 512\"><path d=\"M575.8 255.5C575.8 273.5 560.8 287.6 543.8 287.6H511.8L512.5 447.7C512.6 483.2 483.9 512 448.5 512H128.1C92.75 512 64.09 483.3 64.09 448V287.6H32.05C14.02 287.6 0 273.5 0 255.5C0 246.5 3.004 238.5 10.01 231.5L266.4 8.016C273.4 1.002 281.4 0 288.4 0C295.4 0 303.4 2.004 309.5 7.014L564.8 231.5C572.8 238.5 576.9 246.5 575.8 255.5H575.8zM288 160C252.7 160 224 188.7 224 224C224 259.3 252.7 288 288 288C323.3 288 352 259.3 352 224C352 188.7 323.3 160 288 160zM256 320C211.8 320 176 355.8 176 400C176 408.8 183.2 416 192 416H384C392.8 416 400 408.8 400 400C400 355.8 364.2 320 320 320H256z\"><\/path><\/svg><\/div><\/div><div class=\"uagb-ifb-content\"><div class=\"uagb-ifb-title-wrap\"><h3 class=\"uagb-ifb-title\"><strong>Fiches de donn\u00e9es de s\u00e9curit\u00e9 (FDS)<\/strong>:<\/h3><\/div><p class=\"uagb-ifb-desc\"> Nous fournissons des fiches de donn\u00e9es de s\u00e9curit\u00e9 compl\u00e8tes pour tous nos produits, d\u00e9taillant leur manipulation, leur stockage et leurs proc\u00e9dures d&#039;urgence.<br><strong>Conformit\u00e9 au SGH<\/strong>:Nos produits sont \u00e9tiquet\u00e9s conform\u00e9ment au Syst\u00e8me g\u00e9n\u00e9ral harmonis\u00e9 (SGH) de classification et d&#039;\u00e9tiquetage des produits chimiques, garantissant clart\u00e9 et s\u00e9curit\u00e9 pour les utilisateurs.<\/p><\/div><\/div><\/div>\n<\/div>\n<\/div><\/div>\n\n\n\n<div class=\"wp-block-uagb-container uagb-block-8fe14de4 alignfull uagb-is-root-container\">\n<div class=\"wp-block-uagb-container uagb-block-290b1d46\">\n<div class=\"wp-block-uagb-advanced-heading uagb-block-33642a4f\"><h3 class=\"uagb-heading-text\">Notre promesse<\/h3><p class=\"uagb-desc-text\"><br>Quand vous choisissez <strong>CULAUNIEXPORT<\/strong>, vous choisissez un partenaire d\u00e9di\u00e9 \u00e0 votre r\u00e9ussite. Nous comprenons l&#039;importance des livraisons ponctuelles et d&#039;un service client r\u00e9actif, c&#039;est pourquoi nous garantissons une exp\u00e9dition rapide et un support expert. Notre objectif est de vous aider \u00e0 atteindre vos objectifs op\u00e9rationnels en toute confiance.<\/p><\/div>\n<\/div>\n<\/div>\n\n\n\n<p><\/p>","protected":false},"excerpt":{"rendered":"<p>About Us Our Promise When you choose CULAUNIEXPORT, you are choosing a partner dedicated to your success. We understand the importance of timely deliveries and responsive customer service, which is why we ensure fast shipping and expert support. Our goal is to help you achieve your operational objectives with confidence.<\/p>","protected":false},"author":1,"featured_media":0,"parent":0,"menu_order":0,"comment_status":"closed","ping_status":"closed","template":"","meta":{"_uag_custom_page_level_css":"","site-sidebar-layout":"no-sidebar","site-content-layout":"plain-container","ast-site-content-layout":"normal-width-container","site-content-style":"unboxed","site-sidebar-style":"unboxed","ast-global-header-display":"","ast-banner-title-visibility":"","ast-main-header-display":"","ast-hfb-above-header-display":"","ast-hfb-below-header-display":"","ast-hfb-mobile-header-display":"","site-post-title":"disabled","ast-breadcrumbs-content":"","ast-featured-img":"disabled","footer-sml-layout":"","theme-transparent-header-meta":"enabled","adv-header-id-meta":"","stick-header-meta":"","header-above-stick-meta":"","header-main-stick-meta":"","header-below-stick-meta":"","astra-migrate-meta-layouts":"set","ast-page-background-enabled":"default","ast-page-background-meta":{"desktop":{"background-color":"var(--ast-global-color-4)","background-image":"","background-repeat":"repeat","background-position":"center center","background-size":"auto","background-attachment":"scroll","background-type":"","background-media":"","overlay-type":"","overlay-color":"","overlay-opacity":"","overlay-gradient":""},"tablet":{"background-color":"","background-image":"","background-repeat":"repeat","background-position":"center center","background-size":"auto","background-attachment":"scroll","background-type":"","background-media":"","overlay-type":"","overlay-color":"","overlay-opacity":"","overlay-gradient":""},"mobile":{"background-color":"","background-image":"","background-repeat":"repeat","background-position":"center center","background-size":"auto","background-attachment":"scroll","background-type":"","background-media":"","overlay-type":"","overlay-color":"","overlay-opacity":"","overlay-gradient":""}},"ast-content-background-meta":{"desktop":{"background-color":"var(--ast-global-color-5)","background-image":"","background-repeat":"repeat","background-position":"center center","background-size":"auto","background-attachment":"scroll","background-type":"","background-media":"","overlay-type":"","overlay-color":"","overlay-opacity":"","overlay-gradient":""},"tablet":{"background-color":"var(--ast-global-color-5)","background-image":"","background-repeat":"repeat","background-position":"center center","background-size":"auto","background-attachment":"scroll","background-type":"","background-media":"","overlay-type":"","overlay-color":"","overlay-opacity":"","overlay-gradient":""},"mobile":{"background-color":"var(--ast-global-color-5)","background-image":"","background-repeat":"repeat","background-position":"center center","background-size":"auto","background-attachment":"scroll","background-type":"","background-media":"","overlay-type":"","overlay-color":"","overlay-opacity":"","overlay-gradient":""}},"_joinchat":[],"footnotes":""},"class_list":["post-499","page","type-page","status-publish","hentry"],"yoast_head":"<!-- This site is optimized with the Yoast SEO plugin v27.2 - https:\/\/yoast.com\/product\/yoast-seo-wordpress\/ -->\n<title>About CULAUNIEXPORT | Trusted Supplier of Caluanie Muelear Oxidize<\/title>\n<meta name=\"description\" content=\"Learn about CULAUNIEXPORT, your trusted source for Caluanie Muelear Oxidize. We prioritize quality and safety with ISO 9001, REACH compliance, and expert support. Discover how we can meet your industrial chemical needs today!\" \/>\n<meta name=\"robots\" content=\"index, follow, max-snippet:-1, max-image-preview:large, max-video-preview:-1\" \/>\n<link rel=\"canonical\" href=\"https:\/\/calauniexport.com\/fr\/a-propos-de-culauniexport\/\" \/>\n<meta property=\"og:locale\" content=\"fr_FR\" \/>\n<meta property=\"og:type\" content=\"article\" \/>\n<meta property=\"og:title\" content=\"About CULAUNIEXPORT | Trusted Supplier of Caluanie Muelear Oxidize\" \/>\n<meta property=\"og:description\" content=\"Learn about CULAUNIEXPORT, your trusted source for Caluanie Muelear Oxidize. We prioritize quality and safety with ISO 9001, REACH compliance, and expert support. Discover how we can meet your industrial chemical needs today!\" \/>\n<meta property=\"og:url\" content=\"https:\/\/calauniexport.com\/fr\/a-propos-de-culauniexport\/\" \/>\n<meta property=\"og:site_name\" content=\"CULAUNIEXPORT - Your Trusted Supplier of Caluanie Muelear Oxidize\" \/>\n<meta property=\"article:modified_time\" content=\"2025-08-01T11:19:32+00:00\" \/>\n<meta name=\"twitter:card\" content=\"summary_large_image\" \/>\n<meta name=\"twitter:label1\" content=\"Dur\u00e9e de lecture estim\u00e9e\" \/>\n\t<meta name=\"twitter:data1\" content=\"3 minutes\" \/>\n<script type=\"application\/ld+json\" class=\"yoast-schema-graph\">{\"@context\":\"https:\/\/schema.org\",\"@graph\":[{\"@type\":\"WebPage\",\"@id\":\"https:\/\/calauniexport.com\/about-culauniexport\/\",\"url\":\"https:\/\/calauniexport.com\/about-culauniexport\/\",\"name\":\"About CULAUNIEXPORT | Trusted Supplier of Caluanie Muelear Oxidize\",\"isPartOf\":{\"@id\":\"https:\/\/calauniexport.com\/#website\"},\"datePublished\":\"2024-10-18T21:46:03+00:00\",\"dateModified\":\"2025-08-01T11:19:32+00:00\",\"description\":\"Learn about CULAUNIEXPORT, your trusted source for Caluanie Muelear Oxidize. We prioritize quality and safety with ISO 9001, REACH compliance, and expert support. Discover how we can meet your industrial chemical needs today!\",\"breadcrumb\":{\"@id\":\"https:\/\/calauniexport.com\/about-culauniexport\/#breadcrumb\"},\"inLanguage\":\"fr-FR\",\"potentialAction\":[{\"@type\":\"ReadAction\",\"target\":[\"https:\/\/calauniexport.com\/about-culauniexport\/\"]}]},{\"@type\":\"BreadcrumbList\",\"@id\":\"https:\/\/calauniexport.com\/about-culauniexport\/#breadcrumb\",\"itemListElement\":[{\"@type\":\"ListItem\",\"position\":1,\"name\":\"Home\",\"item\":\"https:\/\/calauniexport.com\/\"},{\"@type\":\"ListItem\",\"position\":2,\"name\":\"About\"}]},{\"@type\":\"WebSite\",\"@id\":\"https:\/\/calauniexport.com\/#website\",\"url\":\"https:\/\/calauniexport.com\/\",\"name\":\"CULAUNIEXPORT - Your Trusted Supplier of Caluanie Muelear Oxidize\",\"description\":\"Quality Chemicals, Reliable Service, Unmatched Expertise\",\"publisher\":{\"@id\":\"https:\/\/calauniexport.com\/#organization\"},\"potentialAction\":[{\"@type\":\"SearchAction\",\"target\":{\"@type\":\"EntryPoint\",\"urlTemplate\":\"https:\/\/calauniexport.com\/?s={search_term_string}\"},\"query-input\":{\"@type\":\"PropertyValueSpecification\",\"valueRequired\":true,\"valueName\":\"search_term_string\"}}],\"inLanguage\":\"fr-FR\"},{\"@type\":\"Organization\",\"@id\":\"https:\/\/calauniexport.com\/#organization\",\"name\":\"CULAUNIEXPORT - Your Trusted Supplier of Caluanie Muelear Oxidize\",\"url\":\"https:\/\/calauniexport.com\/\",\"logo\":{\"@type\":\"ImageObject\",\"inLanguage\":\"fr-FR\",\"@id\":\"https:\/\/calauniexport.com\/#\/schema\/logo\/image\/\",\"url\":\"https:\/\/calauniexport.com\/wp-content\/uploads\/2024\/10\/cropped-Blue-Pink-Bold-Modern-Science-Club-Chemistry-Logo-1.png\",\"contentUrl\":\"https:\/\/calauniexport.com\/wp-content\/uploads\/2024\/10\/cropped-Blue-Pink-Bold-Modern-Science-Club-Chemistry-Logo-1.png\",\"width\":500,\"height\":191,\"caption\":\"CULAUNIEXPORT - Your Trusted Supplier of Caluanie Muelear Oxidize\"},\"image\":{\"@id\":\"https:\/\/calauniexport.com\/#\/schema\/logo\/image\/\"}}]}<\/script>\n<!-- \/ Yoast SEO plugin. -->","yoast_head_json":{"title":"\u00c0 propos de CULAUNIEXPORT | Fournisseur de confiance d&#039;oxyde de caluanie Muelear","description":"D\u00e9couvrez CULAUNIEXPORT, votre source de confiance pour Caluanie Muelear Oxidize. Nous accordons la priorit\u00e9 \u00e0 la qualit\u00e9 et \u00e0 la s\u00e9curit\u00e9 gr\u00e2ce \u00e0 la conformit\u00e9 ISO 9001, REACH et \u00e0 l&#039;assistance d&#039;experts. D\u00e9couvrez comment nous pouvons r\u00e9pondre \u00e0 vos besoins en produits chimiques industriels d\u00e8s aujourd&#039;hui\u00a0!","robots":{"index":"index","follow":"follow","max-snippet":"max-snippet:-1","max-image-preview":"max-image-preview:large","max-video-preview":"max-video-preview:-1"},"canonical":"https:\/\/calauniexport.com\/fr\/a-propos-de-culauniexport\/","og_locale":"fr_FR","og_type":"article","og_title":"About CULAUNIEXPORT | Trusted Supplier of Caluanie Muelear Oxidize","og_description":"Learn about CULAUNIEXPORT, your trusted source for Caluanie Muelear Oxidize. We prioritize quality and safety with ISO 9001, REACH compliance, and expert support. Discover how we can meet your industrial chemical needs today!","og_url":"https:\/\/calauniexport.com\/fr\/a-propos-de-culauniexport\/","og_site_name":"CULAUNIEXPORT - Your Trusted Supplier of Caluanie Muelear Oxidize","article_modified_time":"2025-08-01T11:19:32+00:00","twitter_card":"summary_large_image","twitter_misc":{"Dur\u00e9e de lecture estim\u00e9e":"3 minutes"},"schema":{"@context":"https:\/\/schema.org","@graph":[{"@type":"WebPage","@id":"https:\/\/calauniexport.com\/about-culauniexport\/","url":"https:\/\/calauniexport.com\/about-culauniexport\/","name":"\u00c0 propos de CULAUNIEXPORT | Fournisseur de confiance d&#039;oxyde de caluanie Muelear","isPartOf":{"@id":"https:\/\/calauniexport.com\/#website"},"datePublished":"2024-10-18T21:46:03+00:00","dateModified":"2025-08-01T11:19:32+00:00","description":"D\u00e9couvrez CULAUNIEXPORT, votre source de confiance pour Caluanie Muelear Oxidize. Nous accordons la priorit\u00e9 \u00e0 la qualit\u00e9 et \u00e0 la s\u00e9curit\u00e9 gr\u00e2ce \u00e0 la conformit\u00e9 ISO 9001, REACH et \u00e0 l&#039;assistance d&#039;experts. D\u00e9couvrez comment nous pouvons r\u00e9pondre \u00e0 vos besoins en produits chimiques industriels d\u00e8s aujourd&#039;hui\u00a0!","breadcrumb":{"@id":"https:\/\/calauniexport.com\/about-culauniexport\/#breadcrumb"},"inLanguage":"fr-FR","potentialAction":[{"@type":"ReadAction","target":["https:\/\/calauniexport.com\/about-culauniexport\/"]}]},{"@type":"BreadcrumbList","@id":"https:\/\/calauniexport.com\/about-culauniexport\/#breadcrumb","itemListElement":[{"@type":"ListItem","position":1,"name":"Home","item":"https:\/\/calauniexport.com\/"},{"@type":"ListItem","position":2,"name":"About"}]},{"@type":"WebSite","@id":"https:\/\/calauniexport.com\/#website","url":"https:\/\/calauniexport.com\/","name":"CULAUNIEXPORT - Votre fournisseur de confiance de Caluanie Muelear Oxidize","description":"Produits chimiques de qualit\u00e9, service fiable, expertise in\u00e9gal\u00e9e","publisher":{"@id":"https:\/\/calauniexport.com\/#organization"},"potentialAction":[{"@type":"SearchAction","target":{"@type":"EntryPoint","urlTemplate":"https:\/\/calauniexport.com\/?s={search_term_string}"},"query-input":{"@type":"PropertyValueSpecification","valueRequired":true,"valueName":"search_term_string"}}],"inLanguage":"fr-FR"},{"@type":"Organization","@id":"https:\/\/calauniexport.com\/#organization","name":"CULAUNIEXPORT - Votre fournisseur de confiance de Caluanie Muelear Oxidize","url":"https:\/\/calauniexport.com\/","logo":{"@type":"ImageObject","inLanguage":"fr-FR","@id":"https:\/\/calauniexport.com\/#\/schema\/logo\/image\/","url":"https:\/\/calauniexport.com\/wp-content\/uploads\/2024\/10\/cropped-Blue-Pink-Bold-Modern-Science-Club-Chemistry-Logo-1.png","contentUrl":"https:\/\/calauniexport.com\/wp-content\/uploads\/2024\/10\/cropped-Blue-Pink-Bold-Modern-Science-Club-Chemistry-Logo-1.png","width":500,"height":191,"caption":"CULAUNIEXPORT - Your Trusted Supplier of Caluanie Muelear Oxidize"},"image":{"@id":"https:\/\/calauniexport.com\/#\/schema\/logo\/image\/"}}]}},"uagb_featured_image_src":{"full":false,"thumbnail":false,"medium":false,"medium_large":false,"large":false,"1536x1536":false,"2048x2048":false,"trp-custom-language-flag":false,"woocommerce_thumbnail":false,"woocommerce_single":false,"woocommerce_gallery_thumbnail":false},"uagb_author_info":{"display_name":"Richard Wood","author_link":"https:\/\/calauniexport.com\/fr\/author\/expireddomains1000gmail-com\/"},"uagb_comment_info":0,"uagb_excerpt":"About Us Our Promise When you choose CULAUNIEXPORT, you are choosing a partner dedicated to your success. We understand the importance of timely deliveries and responsive customer service, which is why we ensure fast shipping and expert support. Our goal is to help you achieve your operational objectives with confidence.","_links":{"self":[{"href":"https:\/\/calauniexport.com\/fr\/wp-json\/wp\/v2\/pages\/499","targetHints":{"allow":["GET"]}}],"collection":[{"href":"https:\/\/calauniexport.com\/fr\/wp-json\/wp\/v2\/pages"}],"about":[{"href":"https:\/\/calauniexport.com\/fr\/wp-json\/wp\/v2\/types\/page"}],"author":[{"embeddable":true,"href":"https:\/\/calauniexport.com\/fr\/wp-json\/wp\/v2\/users\/1"}],"replies":[{"embeddable":true,"href":"https:\/\/calauniexport.com\/fr\/wp-json\/wp\/v2\/comments?post=499"}],"version-history":[{"count":8,"href":"https:\/\/calauniexport.com\/fr\/wp-json\/wp\/v2\/pages\/499\/revisions"}],"predecessor-version":[{"id":1510,"href":"https:\/\/calauniexport.com\/fr\/wp-json\/wp\/v2\/pages\/499\/revisions\/1510"}],"wp:attachment":[{"href":"https:\/\/calauniexport.com\/fr\/wp-json\/wp\/v2\/media?parent=499"}],"curies":[{"name":"wp","href":"https:\/\/api.w.org\/{rel}","templated":true}]}}