{"id":501,"date":"2024-10-18T21:46:03","date_gmt":"2024-10-18T21:46:03","guid":{"rendered":"https:\/\/calauniexport.com\/contact\/"},"modified":"2025-08-13T22:08:28","modified_gmt":"2025-08-13T22:08:28","slug":"lien-he","status":"publish","type":"page","link":"https:\/\/calauniexport.com\/vi\/lien-he\/","title":{"rendered":"Li\u00ean h\u1ec7 v\u1edbi ch\u00fang t\u00f4i"},"content":{"rendered":"<div class=\"wp-block-uagb-container uagb-block-ffc1542d alignfull uagb-is-root-container\"><div class=\"uagb-container-inner-blocks-wrap\">\n<div class=\"wp-block-uagb-advanced-heading uagb-block-bdd64c41\"><h1 class=\"uagb-heading-text\">Li\u00ean h\u1ec7 v\u1edbi ch\u00fang t\u00f4i<\/h1><\/div>\n<\/div><\/div>\n\n\n\n<div class=\"wp-block-uagb-container uagb-block-1fff6dde alignfull uagb-is-root-container\"><div class=\"uagb-container-inner-blocks-wrap\"><\/div><\/div>\n\n\n\n<div class=\"wp-block-uagb-info-box uagb-block-55b355b7 uagb-infobox__content-wrap  uagb-infobox-icon-above-title uagb-infobox-image-valign-top\"><div class=\"uagb-ifb-content\"><div class=\"uagb-ifb-title-wrap\"><h4 class=\"uagb-ifb-title\">T\u1ea1i sao li\u00ean h\u1ec7 v\u1edbi ch\u00fang t\u00f4i:<\/h4><\/div><p class=\"uagb-ifb-desc\">Ch\u00fang t\u00f4i \u1edf \u0111\u00e2y \u0111\u1ec3 gi\u00fap b\u1ea1n gi\u1ea3i \u0111\u00e1p m\u1ecdi th\u1eafc m\u1eafc li\u00ean quan \u0111\u1ebfn s\u1ea3n ph\u1ea9m c\u1ee7a ch\u00fang t\u00f4i, bao g\u1ed3m <a href=\"https:\/\/calauniexport.com\/vi\/\">Caluanie Muelear Oxidize<\/a>. Cho d\u00f9 b\u1ea1n c\u00f3 th\u1eafc m\u1eafc v\u1ec1 gi\u00e1 c\u1ea3, t\u00ecnh tr\u1ea1ng c\u00f2n h\u00e0ng hay vi\u1ec7c v\u1eadn chuy\u1ec3n, h\u00e3y li\u00ean h\u1ec7 v\u1edbi ch\u00fang t\u00f4i b\u1eb1ng th\u00f4ng tin li\u00ean h\u1ec7 b\u00ean d\u01b0\u1edbi ho\u1eb7c b\u1eb1ng c\u00e1ch \u0111i\u1ec1n v\u00e0o bi\u1ec3u m\u1eabu.<\/p><div class=\"uagb-ifb-button-wrapper wp-block-button\"><a href=\"https:\/\/calauniexport.com\/vi\/cua-hang\/\" class=\"uagb-infobox-cta-link wp-block-button__link\" target=\"_self\" rel=\"noopener noreferrer\" onclick=\"return true;\"><span class=\"uagb-inline-editing\">c\u1eeda h\u00e0ng<\/span><\/a><\/div><\/div><\/div>\n\n\n\n<div class=\"wp-block-uagb-container uagb-block-f7084e1a alignfull uagb-is-root-container\"><div class=\"uagb-container-inner-blocks-wrap\">\n<div class=\"wp-block-uagb-container uagb-block-f3f51a7b\">\n<!DOCTYPE html>\n<html lang=\"en\">\n<head>\n  <meta charset=\"utf-8\" \/>\n  <meta name=\"viewport\" content=\"width=device-width, initial-scale=1\" \/>\n  <title>Contact Us \u2022 Calauni Export<\/title>\n  <meta name=\"description\" content=\"Get in touch with Calauni Export via email or WhatsApp. We'd love to hear from you.\" \/>\n  <link rel=\"preconnect\" href=\"https:\/\/fonts.googleapis.com\">\n  <link rel=\"preconnect\" href=\"https:\/\/fonts.gstatic.com\" crossorigin>\n  <link href=\"https:\/\/fonts.googleapis.com\/css2?family=Inter:wght@400;500;600;700&#038;display=swap\" rel=\"stylesheet\">\n  <style>\n    body { font-family: Inter, sans-serif; background: #0b1020; color: #e2e8f0; margin: 0; padding: 0; }\n    .container { max-width: 800px; margin: auto; padding: 40px 20px; }\n    h1 { font-size: 2rem; margin-bottom: 20px; }\n    .card { background: #0f172a; border-radius: 12px; padding: 20px; margin-bottom: 20px; }\n    .info-item { margin-bottom: 20px; }\n    .muted { color: #94a3b8; }\n    .btn { display: inline-block; margin-top: 10px; padding: 10px 14px; border-radius: 8px; background: #22c55e; color: #062b1d; text-decoration: none; font-weight: 600; }\n  <\/style>\n  <script>\n    function copyToClipboard(text) {\n      navigator.clipboard.writeText(text).then(() => alert('Copied: ' + text));\n    }\n  <\/script>\n<\/head>\n<body>\n  <div class=\"container\">\n    <h1>Li\u00ean h\u1ec7 v\u1edbi ch\u00fang t\u00f4i<\/h1>\n    <div class=\"card info-item\">\n      <div>Email<\/div>\n      <div class=\"muted\">sales@calauniexport.com<\/div>\n      <a class=\"btn\" href=\"mailto:sales@calauniexport.com\">Send Email<\/a>\n      <button class=\"btn\" onclick=\"copyToClipboard('sales@calauniexport.com')\">Copy<\/button>\n    <\/div>\n    <div class=\"card info-item\">\n      <div>WhatsApp<\/div>\n      <div class=\"muted\">+49 1521 2360485<\/div>\n      <a class=\"btn\" href=\"https:\/\/wa.me\/4915212360485\" target=\"_blank\">Open Chat<\/a>\n      <button class=\"btn\" onclick=\"copyToClipboard('+4915212360485')\">Copy<\/button>\n    <\/div>\n    <footer style=\"margin-top:40px; color:#94a3b8; font-size:14px;\">\u00a9 <span id=\"year\"><\/span> Calauni Export. All rights reserved.<\/footer>\n  <\/div>\n  <script>document.getElementById('year').textContent = new Date().getFullYear();<\/script>\n<\/body>\n<\/html>\n\n<\/div>\n<\/div><\/div>","protected":false},"excerpt":{"rendered":"<p>Contact Us Contact Us \u2022 Calauni Export Contact Us Email sales@calauniexport.com Send Email Copy WhatsApp +49 1521 2360485 Open Chat Copy \u00a9 Calauni Export. All rights reserved.<\/p>","protected":false},"author":1,"featured_media":0,"parent":0,"menu_order":0,"comment_status":"closed","ping_status":"closed","template":"","meta":{"_uag_custom_page_level_css":"","site-sidebar-layout":"no-sidebar","site-content-layout":"plain-container","ast-site-content-layout":"normal-width-container","site-content-style":"unboxed","site-sidebar-style":"unboxed","ast-global-header-display":"","ast-banner-title-visibility":"","ast-main-header-display":"","ast-hfb-above-header-display":"","ast-hfb-below-header-display":"","ast-hfb-mobile-header-display":"","site-post-title":"disabled","ast-breadcrumbs-content":"","ast-featured-img":"disabled","footer-sml-layout":"","theme-transparent-header-meta":"enabled","adv-header-id-meta":"","stick-header-meta":"","header-above-stick-meta":"","header-main-stick-meta":"","header-below-stick-meta":"","astra-migrate-meta-layouts":"set","ast-page-background-enabled":"default","ast-page-background-meta":{"desktop":{"background-color":"var(--ast-global-color-4)","background-image":"","background-repeat":"repeat","background-position":"center center","background-size":"auto","background-attachment":"scroll","background-type":"","background-media":"","overlay-type":"","overlay-color":"","overlay-opacity":"","overlay-gradient":""},"tablet":{"background-color":"","background-image":"","background-repeat":"repeat","background-position":"center center","background-size":"auto","background-attachment":"scroll","background-type":"","background-media":"","overlay-type":"","overlay-color":"","overlay-opacity":"","overlay-gradient":""},"mobile":{"background-color":"","background-image":"","background-repeat":"repeat","background-position":"center center","background-size":"auto","background-attachment":"scroll","background-type":"","background-media":"","overlay-type":"","overlay-color":"","overlay-opacity":"","overlay-gradient":""}},"ast-content-background-meta":{"desktop":{"background-color":"var(--ast-global-color-5)","background-image":"","background-repeat":"repeat","background-position":"center center","background-size":"auto","background-attachment":"scroll","background-type":"","background-media":"","overlay-type":"","overlay-color":"","overlay-opacity":"","overlay-gradient":""},"tablet":{"background-color":"var(--ast-global-color-5)","background-image":"","background-repeat":"repeat","background-position":"center center","background-size":"auto","background-attachment":"scroll","background-type":"","background-media":"","overlay-type":"","overlay-color":"","overlay-opacity":"","overlay-gradient":""},"mobile":{"background-color":"var(--ast-global-color-5)","background-image":"","background-repeat":"repeat","background-position":"center center","background-size":"auto","background-attachment":"scroll","background-type":"","background-media":"","overlay-type":"","overlay-color":"","overlay-opacity":"","overlay-gradient":""}},"_joinchat":[],"footnotes":""},"class_list":["post-501","page","type-page","status-publish","hentry"],"yoast_head":"<!-- This site is optimized with the Yoast SEO plugin v27.2 - https:\/\/yoast.com\/product\/yoast-seo-wordpress\/ -->\n<title>CALAUNIEXPORT | Inquiries About Caluanie Muelear Oxidize<\/title>\n<meta name=\"description\" content=\"Get in touch with Calauniexport for all your Caluanie Muelear Oxidize inquiries. Fill out our contact form or reach us via phone or email for pricing, availability, and more. We\u2019re here to help you!\" \/>\n<meta name=\"robots\" content=\"index, follow, max-snippet:-1, max-image-preview:large, max-video-preview:-1\" \/>\n<link rel=\"canonical\" href=\"https:\/\/calauniexport.com\/vi\/lien-he\/\" \/>\n<meta property=\"og:locale\" content=\"vi_VN\" \/>\n<meta property=\"og:type\" content=\"article\" \/>\n<meta property=\"og:title\" content=\"CALAUNIEXPORT | Inquiries About Caluanie Muelear Oxidize\" \/>\n<meta property=\"og:description\" content=\"Get in touch with Calauniexport for all your Caluanie Muelear Oxidize inquiries. Fill out our contact form or reach us via phone or email for pricing, availability, and more. We\u2019re here to help you!\" \/>\n<meta property=\"og:url\" content=\"https:\/\/calauniexport.com\/vi\/lien-he\/\" \/>\n<meta property=\"og:site_name\" content=\"CULAUNIEXPORT - Your Trusted Supplier of Caluanie Muelear Oxidize\" \/>\n<meta property=\"article:modified_time\" content=\"2025-08-13T22:08:28+00:00\" \/>\n<meta name=\"twitter:card\" content=\"summary_large_image\" \/>\n<meta name=\"twitter:label1\" content=\"\u01af\u1edbc t\u00ednh th\u1eddi gian \u0111\u1ecdc\" \/>\n\t<meta name=\"twitter:data1\" content=\"1 ph\u00fat\" \/>\n<script type=\"application\/ld+json\" class=\"yoast-schema-graph\">{\"@context\":\"https:\/\/schema.org\",\"@graph\":[{\"@type\":\"WebPage\",\"@id\":\"https:\/\/calauniexport.com\/contact\/\",\"url\":\"https:\/\/calauniexport.com\/contact\/\",\"name\":\"CALAUNIEXPORT | Inquiries About Caluanie Muelear Oxidize\",\"isPartOf\":{\"@id\":\"https:\/\/calauniexport.com\/#website\"},\"datePublished\":\"2024-10-18T21:46:03+00:00\",\"dateModified\":\"2025-08-13T22:08:28+00:00\",\"description\":\"Get in touch with Calauniexport for all your Caluanie Muelear Oxidize inquiries. Fill out our contact form or reach us via phone or email for pricing, availability, and more. We\u2019re here to help you!\",\"breadcrumb\":{\"@id\":\"https:\/\/calauniexport.com\/contact\/#breadcrumb\"},\"inLanguage\":\"vi\",\"potentialAction\":[{\"@type\":\"ReadAction\",\"target\":[\"https:\/\/calauniexport.com\/contact\/\"]}]},{\"@type\":\"BreadcrumbList\",\"@id\":\"https:\/\/calauniexport.com\/contact\/#breadcrumb\",\"itemListElement\":[{\"@type\":\"ListItem\",\"position\":1,\"name\":\"Home\",\"item\":\"https:\/\/calauniexport.com\/\"},{\"@type\":\"ListItem\",\"position\":2,\"name\":\"Contact Us\"}]},{\"@type\":\"WebSite\",\"@id\":\"https:\/\/calauniexport.com\/#website\",\"url\":\"https:\/\/calauniexport.com\/\",\"name\":\"CULAUNIEXPORT - Your Trusted Supplier of Caluanie Muelear Oxidize\",\"description\":\"Quality Chemicals, Reliable Service, Unmatched Expertise\",\"publisher\":{\"@id\":\"https:\/\/calauniexport.com\/#organization\"},\"potentialAction\":[{\"@type\":\"SearchAction\",\"target\":{\"@type\":\"EntryPoint\",\"urlTemplate\":\"https:\/\/calauniexport.com\/?s={search_term_string}\"},\"query-input\":{\"@type\":\"PropertyValueSpecification\",\"valueRequired\":true,\"valueName\":\"search_term_string\"}}],\"inLanguage\":\"vi\"},{\"@type\":\"Organization\",\"@id\":\"https:\/\/calauniexport.com\/#organization\",\"name\":\"CULAUNIEXPORT - Your Trusted Supplier of Caluanie Muelear Oxidize\",\"url\":\"https:\/\/calauniexport.com\/\",\"logo\":{\"@type\":\"ImageObject\",\"inLanguage\":\"vi\",\"@id\":\"https:\/\/calauniexport.com\/#\/schema\/logo\/image\/\",\"url\":\"https:\/\/calauniexport.com\/wp-content\/uploads\/2024\/10\/cropped-Blue-Pink-Bold-Modern-Science-Club-Chemistry-Logo-1.png\",\"contentUrl\":\"https:\/\/calauniexport.com\/wp-content\/uploads\/2024\/10\/cropped-Blue-Pink-Bold-Modern-Science-Club-Chemistry-Logo-1.png\",\"width\":500,\"height\":191,\"caption\":\"CULAUNIEXPORT - Your Trusted Supplier of Caluanie Muelear Oxidize\"},\"image\":{\"@id\":\"https:\/\/calauniexport.com\/#\/schema\/logo\/image\/\"}}]}<\/script>\n<!-- \/ Yoast SEO plugin. -->","yoast_head_json":{"title":"CALAUNIEXPORT | Th\u1eafc m\u1eafc v\u1ec1 Caluanie Muelear Oxidize","description":"H\u00e3y li\u00ean h\u1ec7 v\u1edbi Calauniexport \u0111\u1ec3 \u0111\u01b0\u1ee3c gi\u1ea3i \u0111\u00e1p m\u1ecdi th\u1eafc m\u1eafc v\u1ec1 Caluanie Muelear Oxidize c\u1ee7a b\u1ea1n. H\u00e3y \u0111i\u1ec1n v\u00e0o m\u1eabu li\u00ean h\u1ec7 c\u1ee7a ch\u00fang t\u00f4i ho\u1eb7c li\u00ean h\u1ec7 v\u1edbi ch\u00fang t\u00f4i qua \u0111i\u1ec7n tho\u1ea1i ho\u1eb7c email \u0111\u1ec3 bi\u1ebft gi\u00e1 c\u1ea3, t\u00ecnh tr\u1ea1ng c\u00f2n h\u00e0ng v\u00e0 nhi\u1ec1u th\u00f4ng tin kh\u00e1c. Ch\u00fang t\u00f4i \u1edf \u0111\u00e2y \u0111\u1ec3 gi\u00fap b\u1ea1n!","robots":{"index":"index","follow":"follow","max-snippet":"max-snippet:-1","max-image-preview":"max-image-preview:large","max-video-preview":"max-video-preview:-1"},"canonical":"https:\/\/calauniexport.com\/vi\/lien-he\/","og_locale":"vi_VN","og_type":"article","og_title":"CALAUNIEXPORT | Inquiries About Caluanie Muelear Oxidize","og_description":"Get in touch with Calauniexport for all your Caluanie Muelear Oxidize inquiries. Fill out our contact form or reach us via phone or email for pricing, availability, and more. We\u2019re here to help you!","og_url":"https:\/\/calauniexport.com\/vi\/lien-he\/","og_site_name":"CULAUNIEXPORT - Your Trusted Supplier of Caluanie Muelear Oxidize","article_modified_time":"2025-08-13T22:08:28+00:00","twitter_card":"summary_large_image","twitter_misc":{"\u01af\u1edbc t\u00ednh th\u1eddi gian \u0111\u1ecdc":"1 ph\u00fat"},"schema":{"@context":"https:\/\/schema.org","@graph":[{"@type":"WebPage","@id":"https:\/\/calauniexport.com\/contact\/","url":"https:\/\/calauniexport.com\/contact\/","name":"CALAUNIEXPORT | Th\u1eafc m\u1eafc v\u1ec1 Caluanie Muelear Oxidize","isPartOf":{"@id":"https:\/\/calauniexport.com\/#website"},"datePublished":"2024-10-18T21:46:03+00:00","dateModified":"2025-08-13T22:08:28+00:00","description":"H\u00e3y li\u00ean h\u1ec7 v\u1edbi Calauniexport \u0111\u1ec3 \u0111\u01b0\u1ee3c gi\u1ea3i \u0111\u00e1p m\u1ecdi th\u1eafc m\u1eafc v\u1ec1 Caluanie Muelear Oxidize c\u1ee7a b\u1ea1n. H\u00e3y \u0111i\u1ec1n v\u00e0o m\u1eabu li\u00ean h\u1ec7 c\u1ee7a ch\u00fang t\u00f4i ho\u1eb7c li\u00ean h\u1ec7 v\u1edbi ch\u00fang t\u00f4i qua \u0111i\u1ec7n tho\u1ea1i ho\u1eb7c email \u0111\u1ec3 bi\u1ebft gi\u00e1 c\u1ea3, t\u00ecnh tr\u1ea1ng c\u00f2n h\u00e0ng v\u00e0 nhi\u1ec1u th\u00f4ng tin kh\u00e1c. Ch\u00fang t\u00f4i \u1edf \u0111\u00e2y \u0111\u1ec3 gi\u00fap b\u1ea1n!","breadcrumb":{"@id":"https:\/\/calauniexport.com\/contact\/#breadcrumb"},"inLanguage":"vi","potentialAction":[{"@type":"ReadAction","target":["https:\/\/calauniexport.com\/contact\/"]}]},{"@type":"BreadcrumbList","@id":"https:\/\/calauniexport.com\/contact\/#breadcrumb","itemListElement":[{"@type":"ListItem","position":1,"name":"Home","item":"https:\/\/calauniexport.com\/"},{"@type":"ListItem","position":2,"name":"Contact Us"}]},{"@type":"WebSite","@id":"https:\/\/calauniexport.com\/#website","url":"https:\/\/calauniexport.com\/","name":"CULAUNIEXPORT - Nh\u00e0 cung c\u1ea5p Caluanie Muelear Oxidize \u0111\u00e1ng tin c\u1eady c\u1ee7a b\u1ea1n","description":"H\u00f3a ch\u1ea5t ch\u1ea5t l\u01b0\u1ee3ng, d\u1ecbch v\u1ee5 \u0111\u00e1ng tin c\u1eady, chuy\u00ean m\u00f4n v\u00f4 song","publisher":{"@id":"https:\/\/calauniexport.com\/#organization"},"potentialAction":[{"@type":"SearchAction","target":{"@type":"EntryPoint","urlTemplate":"https:\/\/calauniexport.com\/?s={search_term_string}"},"query-input":{"@type":"PropertyValueSpecification","valueRequired":true,"valueName":"search_term_string"}}],"inLanguage":"vi"},{"@type":"Organization","@id":"https:\/\/calauniexport.com\/#organization","name":"CULAUNIEXPORT - Nh\u00e0 cung c\u1ea5p Caluanie Muelear Oxidize \u0111\u00e1ng tin c\u1eady c\u1ee7a b\u1ea1n","url":"https:\/\/calauniexport.com\/","logo":{"@type":"ImageObject","inLanguage":"vi","@id":"https:\/\/calauniexport.com\/#\/schema\/logo\/image\/","url":"https:\/\/calauniexport.com\/wp-content\/uploads\/2024\/10\/cropped-Blue-Pink-Bold-Modern-Science-Club-Chemistry-Logo-1.png","contentUrl":"https:\/\/calauniexport.com\/wp-content\/uploads\/2024\/10\/cropped-Blue-Pink-Bold-Modern-Science-Club-Chemistry-Logo-1.png","width":500,"height":191,"caption":"CULAUNIEXPORT - Your Trusted Supplier of Caluanie Muelear Oxidize"},"image":{"@id":"https:\/\/calauniexport.com\/#\/schema\/logo\/image\/"}}]}},"uagb_featured_image_src":{"full":false,"thumbnail":false,"medium":false,"medium_large":false,"large":false,"1536x1536":false,"2048x2048":false,"trp-custom-language-flag":false,"woocommerce_thumbnail":false,"woocommerce_single":false,"woocommerce_gallery_thumbnail":false},"uagb_author_info":{"display_name":"Richard Wood","author_link":"https:\/\/calauniexport.com\/vi\/author\/expireddomains1000gmail-com\/"},"uagb_comment_info":0,"uagb_excerpt":"Contact Us Contact Us \u2022 Calauni Export Contact Us Email sales@calauniexport.com Send Email Copy WhatsApp +49 1521 2360485 Open Chat Copy \u00a9 Calauni Export. All rights reserved.","_links":{"self":[{"href":"https:\/\/calauniexport.com\/vi\/wp-json\/wp\/v2\/pages\/501","targetHints":{"allow":["GET"]}}],"collection":[{"href":"https:\/\/calauniexport.com\/vi\/wp-json\/wp\/v2\/pages"}],"about":[{"href":"https:\/\/calauniexport.com\/vi\/wp-json\/wp\/v2\/types\/page"}],"author":[{"embeddable":true,"href":"https:\/\/calauniexport.com\/vi\/wp-json\/wp\/v2\/users\/1"}],"replies":[{"embeddable":true,"href":"https:\/\/calauniexport.com\/vi\/wp-json\/wp\/v2\/comments?post=501"}],"version-history":[{"count":16,"href":"https:\/\/calauniexport.com\/vi\/wp-json\/wp\/v2\/pages\/501\/revisions"}],"predecessor-version":[{"id":1539,"href":"https:\/\/calauniexport.com\/vi\/wp-json\/wp\/v2\/pages\/501\/revisions\/1539"}],"wp:attachment":[{"href":"https:\/\/calauniexport.com\/vi\/wp-json\/wp\/v2\/media?parent=501"}],"curies":[{"name":"wp","href":"https:\/\/api.w.org\/{rel}","templated":true}]}}